{"id":744,"date":"2015-07-01T19:50:39","date_gmt":"2015-07-01T19:50:39","guid":{"rendered":"https:\/\/eastgate.co\/projects\/confida\/?page_id=744"},"modified":"2021-05-12T07:46:44","modified_gmt":"2021-05-12T07:46:44","slug":"kontakt","status":"publish","type":"page","link":"https:\/\/www.confida.rs\/rs\/kontakt\/","title":{"rendered":"Kontakt"},"content":{"rendered":"<p><div class=\"fusion-bg-parallax\" data-bg-align=\"left top\" data-direction=\"up\" data-mute=\"false\" data-opacity=\"100\" data-velocity=\"-0.4\" data-mobile-enabled=\"false\" data-break_parents=\"0\" data-bg-image=\"https:\/\/avada.theme-fusion.com\/law\/wp-content\/uploads\/sites\/24\/2015\/02\/banner-home.jpg\" data-bg-repeat=\"false\" data-bg-color=\"#2b313c\" ><\/div><div class=\"fusion-fullwidth fullwidth-box fusion-builder-row-1 fusion-parallax-up nonhundred-percent-fullwidth non-hundred-percent-height-scrolling\" style=\"background-color: #2b313c;background-image: url(&quot;https:\/\/avada.theme-fusion.com\/law\/wp-content\/uploads\/sites\/24\/2015\/02\/banner-home.jpg&quot;);background-position: left top;background-repeat: no-repeat;padding-top:110px;padding-right:0px;padding-bottom:85px;padding-left:0px;margin-bottom: 0px;margin-top: 0px;border-width: 0px 0px 0px 0px;border-color:#eae9e9;border-style:solid;-webkit-background-size:cover;-moz-background-size:cover;-o-background-size:cover;background-size:cover;\" ><div class=\"fusion-builder-row fusion-row\"><div class=\"fusion-layout-column fusion_builder_column fusion-builder-column-0 fusion_builder_column_1_3 1_3 fusion-one-third fusion-column-first\" style=\"width:30.6666%; margin-right: 4%;margin-top:0px;margin-bottom:20px;\"><div class=\"fusion-column-wrapper fusion-flex-column-wrapper-legacy\" style=\"background-position:left top;background-repeat:no-repeat;-webkit-background-size:cover;-moz-background-size:cover;-o-background-size:cover;background-size:cover;padding: 0px 0px 0px 0px;\"><div class=\"fusion-text fusion-text-1\"><h3><span style=\"color: #ffffff;\">KONTAKTIRAJTE NAS<\/span><\/h3>\n<p><span style=\"color: #ffffff;\">Konstantno smo dostupni da odgovorimo na bilo koje pitanje koje imate. Vo\u0111enje poreskih knjiga \u010desto mo\u017ee biti komplikovano, na\u0161i eksperti su tu da vam pomognu sa bilo kojim problemom sa kojim se susre\u0107ete. Ponosni smo da mo\u017eemo na\u0161u ekspertizu podeliti sa Vama. Budite slobodni da nas kontaktirate u bilo kom trenutku.<\/span><\/p>\n<\/div><div class=\"fusion-sep-clear\"><\/div><div class=\"fusion-separator fusion-full-width-sep\" style=\"margin-left: auto;margin-right: auto;margin-top:40px;width:100%;\"><\/div><div class=\"fusion-sep-clear\"><\/div><div class=\"fusion-social-links\"><div class=\"fusion-social-networks boxed-icons\"><div class=\"fusion-social-networks-wrapper\"><a class=\"fusion-social-network-icon fusion-tooltip fusion-linkedin fusion-icon-linkedin\" style=\"color:#ffffff;font-size:14px;width: calc(14px + (2 * (7px)) + 2px);background-color:#00528c;border-color:#00528c;border-radius:4px;\" data-placement=\"top\" data-title=\"LinkedIn\" data-toggle=\"tooltip\" title=\"LinkedIn\" aria-label=\"linkedin\" target=\"_blank\" rel=\"noopener noreferrer\" href=\"https:\/\/www.linkedin.com\/company\/confida-consulting-d.o.o.\/\"><\/a><a class=\"fusion-social-network-icon fusion-tooltip fusion-facebook fusion-icon-facebook\" style=\"color:#ffffff;font-size:14px;width: calc(14px + (2 * (7px)) + 2px);background-color:#00528c;border-color:#00528c;border-radius:4px;\" data-placement=\"top\" data-title=\"Facebook\" data-toggle=\"tooltip\" title=\"Facebook\" aria-label=\"facebook\" target=\"_blank\" rel=\"noopener noreferrer\" href=\"https:\/\/www.facebook.com\/confida.rs\/\"><\/a><a class=\"fusion-social-network-icon fusion-tooltip fusion-instagram fusion-icon-instagram\" style=\"color:#ffffff;font-size:14px;width: calc(14px + (2 * (7px)) + 2px);background-color:#00528c;border-color:#00528c;border-radius:4px;\" data-placement=\"top\" data-title=\"Instagram\" data-toggle=\"tooltip\" title=\"Instagram\" aria-label=\"instagram\" target=\"_blank\" rel=\"noopener noreferrer\" href=\"https:\/\/www.instagram.com\/confida_srbija\/\"><\/a><a class=\"fusion-social-network-icon fusion-tooltip fusion-twitter fusion-icon-twitter\" style=\"color:#ffffff;font-size:14px;width: calc(14px + (2 * (7px)) + 2px);background-color:#00528c;border-color:#00528c;border-radius:4px;\" data-placement=\"top\" data-title=\"Twitter\" data-toggle=\"tooltip\" title=\"Twitter\" aria-label=\"twitter\" target=\"_blank\" rel=\"noopener noreferrer\" href=\"https:\/\/twitter.com\/Confida_Serbia\"><\/a><\/div><\/div><\/div><div class=\"fusion-clearfix\"><\/div><\/div><\/div><div class=\"fusion-layout-column fusion_builder_column fusion-builder-column-1 fusion_builder_column_2_3 2_3 fusion-two-third fusion-column-last\" style=\"width:65.3333%;margin-top:0px;margin-bottom:20px;\"><div class=\"fusion-column-wrapper fusion-flex-column-wrapper-legacy\" style=\"background-position:left top;background-repeat:no-repeat;-webkit-background-size:cover;-moz-background-size:cover;-o-background-size:cover;background-size:cover;padding: 0px 0px 0px 0px;\"><div role=\"form\" class=\"wpcf7\" id=\"wpcf7-f776-o1\" lang=\"en-US\" dir=\"ltr\">\n<div class=\"screen-reader-response\"><p role=\"status\" aria-live=\"polite\" aria-atomic=\"true\"><\/p> <ul><\/ul><\/div>\n<form action=\"\/rs\/wp-json\/wp\/v2\/pages\/744#wpcf7-f776-o1\" method=\"post\" class=\"wpcf7-form init mailchimp-ext-0.5.72\" novalidate=\"novalidate\" data-status=\"init\">\n<div style=\"display: none;\">\n<input type=\"hidden\" name=\"_wpcf7\" value=\"776\" \/>\n<input type=\"hidden\" name=\"_wpcf7_version\" value=\"5.5.3\" \/>\n<input type=\"hidden\" name=\"_wpcf7_locale\" value=\"en_US\" \/>\n<input type=\"hidden\" name=\"_wpcf7_unit_tag\" value=\"wpcf7-f776-o1\" \/>\n<input type=\"hidden\" name=\"_wpcf7_container_post\" value=\"0\" \/>\n<input type=\"hidden\" name=\"_wpcf7_posted_data_hash\" value=\"\" \/>\n<input type=\"hidden\" name=\"_wpcf7_recaptcha_response\" value=\"\" \/>\n<\/div>\n<div style=\"color: #fff;\">\n<div class=\"fusion-one-half fusion-layout-column fusion-spacing-yes\" style=\"margin-bottom: 0px\">\n<p><label>NAME<br \/> <span class=\"wpcf7-form-control-wrap your-name\"><input type=\"text\" name=\"your-name\" value=\"\" size=\"40\" class=\"wpcf7-form-control wpcf7-text wpcf7-validates-as-required\" aria-required=\"true\" aria-invalid=\"false\" \/><\/span> <\/label><\/p>\n<\/div>\n<div class=\"fusion-one-half fusion-layout-column fusion-column-last fusion-spacing-yes\" style=\"margin-bottom: 0px\">\n<p><label>EMAIL<br \/> <span class=\"wpcf7-form-control-wrap your-email\"><input type=\"email\" name=\"your-email\" value=\"\" size=\"40\" class=\"wpcf7-form-control wpcf7-text wpcf7-email wpcf7-validates-as-required wpcf7-validates-as-email\" aria-required=\"true\" aria-invalid=\"false\" \/><\/span> <\/label><\/p>\n<\/div>\n<p><label>NASLOV<br \/> <span class=\"wpcf7-form-control-wrap your-message\"><input type=\"text\" name=\"your-message\" value=\"\" size=\"40\" class=\"wpcf7-form-control wpcf7-text wpcf7-validates-as-required\" aria-required=\"true\" aria-invalid=\"false\" \/><\/span> <\/label><\/p>\n<p><label>TEKST PORUKE<br \/> <span class=\"wpcf7-form-control-wrap your-message\"><textarea name=\"your-message\" cols=\"40\" rows=\"10\" class=\"wpcf7-form-control wpcf7-textarea\" aria-invalid=\"false\"><\/textarea><\/span> <\/label><\/p>\n<p><input type=\"submit\" value=\"PO\u0160ALJI PORUKU\" class=\"wpcf7-form-control has-spinner wpcf7-submit\" \/><\/p>\n<\/div>\n<div class=\"fusion-alert alert custom alert-custom fusion-alert-center wpcf7-response-output alert-dismissable\" style=\"border-width:1px;\"><button type=\"button\" class=\"close toggle-alert\" data-dismiss=\"alert\" aria-hidden=\"true\">&times;<\/button><div class=\"fusion-alert-content-wrapper\"><span class=\"fusion-alert-content\"><\/span><\/div><\/div><p style=\"display: none !important\"><span class=\"wpcf7-form-control-wrap referer-page\"><input type=\"hidden\" name=\"referer-page\" value=\"http:\/\/Direct%20Visit\" data-value=\"http:\/\/Direct%20Visit\" class=\"wpcf7-form-control wpcf7-text referer-page\" aria-invalid=\"false\"><\/span><\/p>\n<!-- Chimpmatic extension by Renzo Johnson --><\/form><\/div><div class=\"fusion-clearfix\"><\/div><\/div><\/div><\/div><\/div><div class=\"fusion-fullwidth fullwidth-box fusion-builder-row-2 nonhundred-percent-fullwidth non-hundred-percent-height-scrolling\" style=\"background-color: rgba(255,255,255,0);background-position: left top;background-repeat: no-repeat;padding-top:110px;padding-right:0px;padding-bottom:100px;padding-left:0px;margin-bottom: 0px;margin-top: 0px;border-width: 0px 0px 0px 0px;border-color:#eae9e9;border-style:solid;\" ><div class=\"fusion-builder-row fusion-row\"><div class=\"fusion-layout-column fusion_builder_column fusion-builder-column-2 fusion_builder_column_1_1 1_1 fusion-one-full fusion-column-first fusion-column-last fusion-column-no-min-height\" style=\"margin-top:0px;margin-bottom:0px;\"><div class=\"fusion-column-wrapper fusion-flex-column-wrapper-legacy\" style=\"background-position:left top;background-repeat:no-repeat;-webkit-background-size:cover;-moz-background-size:cover;-o-background-size:cover;background-size:cover;padding: 0px 0px 0px 0px;\"><div class=\"fusion-sep-clear\"><\/div><div class=\"fusion-separator fusion-full-width-sep\" style=\"margin-left: auto;margin-right: auto;width:100%;\"><div class=\"fusion-separator-border sep-single sep-solid\" style=\"border-color:#00528c;border-top-width:5px;\"><\/div><\/div><div class=\"fusion-sep-clear\"><\/div><div class=\"fusion-clearfix\"><\/div><\/div><\/div><div class=\"fusion-layout-column fusion_builder_column fusion-builder-column-3 fusion_builder_column_1_1 1_1 fusion-one-full fusion-column-first fusion-column-last green-border rounded-border\" style=\"margin-top:0px;margin-bottom:20px;\"><div class=\"fusion-column-wrapper fusion-flex-column-wrapper-legacy\" style=\"background-position:left top;background-repeat:no-repeat;-webkit-background-size:cover;-moz-background-size:cover;-o-background-size:cover;background-size:cover;background-color:#ffffff;border:1px solid #e2e2e2;padding: 55px 60px 20px 60px;\"><div class=\"fusion-content-boxes content-boxes columns row fusion-columns-4 fusion-columns-total-4 fusion-content-boxes-1 content-boxes-icon-on-top content-left\" data-animationOffset=\"100%\" style=\"margin-top:0px;margin-bottom:20px;\"><style type=\"text\/css\">.fusion-content-boxes-1 .heading .content-box-heading {color:#3b4251;}\n\t\t\t\t\t.fusion-content-boxes-1 .fusion-content-box-hover .link-area-link-icon-hover .heading .content-box-heading,\n\t\t\t\t\t.fusion-content-boxes-1 .fusion-content-box-hover .link-area-link-icon-hover .heading .heading-link .content-box-heading,\n\t\t\t\t\t.fusion-content-boxes-1 .fusion-content-box-hover .link-area-box-hover .heading .content-box-heading,\n\t\t\t\t\t.fusion-content-boxes-1 .fusion-content-box-hover .link-area-box-hover .heading .heading-link .content-box-heading,\n\t\t\t\t\t.fusion-content-boxes-1 .fusion-content-box-hover .link-area-link-icon-hover.link-area-box .fusion-read-more,\n\t\t\t\t\t.fusion-content-boxes-1 .fusion-content-box-hover .link-area-link-icon-hover.link-area-box .fusion-read-more::after,\n\t\t\t\t\t.fusion-content-boxes-1 .fusion-content-box-hover .link-area-link-icon-hover.link-area-box .fusion-read-more::before,\n\t\t\t\t\t.fusion-content-boxes-1 .fusion-content-box-hover .fusion-read-more:hover:after,\n\t\t\t\t\t.fusion-content-boxes-1 .fusion-content-box-hover .fusion-read-more:hover:before,\n\t\t\t\t\t.fusion-content-boxes-1 .fusion-content-box-hover .fusion-read-more:hover,\n\t\t\t\t\t.fusion-content-boxes-1 .fusion-content-box-hover .link-area-box-hover.link-area-box .fusion-read-more,\n\t\t\t\t\t.fusion-content-boxes-1 .fusion-content-box-hover .link-area-box-hover.link-area-box .fusion-read-more::after,\n\t\t\t\t\t.fusion-content-boxes-1 .fusion-content-box-hover .link-area-box-hover.link-area-box .fusion-read-more::before,\n\t\t\t\t\t.fusion-content-boxes-1 .fusion-content-box-hover .link-area-link-icon-hover .icon .circle-no,\n\t\t\t\t\t.fusion-content-boxes-1 .heading .heading-link:hover .content-box-heading {\n\t\t\t\t\t\tcolor: #00b0fc;\n\t\t\t\t\t}\n\t\t\t\t\t.fusion-content-boxes-1 .fusion-content-box-hover .link-area-box-hover .icon .circle-no {\n\t\t\t\t\t\tcolor: #00b0fc !important;\n\t\t\t\t\t}.fusion-content-boxes-1 .fusion-content-box-hover .link-area-box.link-area-box-hover .fusion-content-box-button {background: #0069ba;color: #ffffff;}.fusion-content-boxes-1 .fusion-content-box-hover .link-area-box.link-area-box-hover .fusion-content-box-button .fusion-button-text {color: #ffffff;}\n\t\t\t\t\t.fusion-content-boxes-1 .fusion-content-box-hover .link-area-link-icon-hover .heading .icon > span {\n\t\t\t\t\t\tbackground-color: transparent !important;\n\t\t\t\t\t}\n\t\t\t\t\t.fusion-content-boxes-1 .fusion-content-box-hover .link-area-box-hover .heading .icon > span {\n\t\t\t\t\t\tborder-color: #00b0fc !important;\n\t\t\t\t\t}<\/style><div class=\"fusion-column content-box-column content-box-column content-box-column-1 col-lg-3 col-md-3 col-sm-3 fusion-content-box-hover content-box-column-first-in-row\"><div class=\"col content-box-wrapper content-wrapper link-area-box icon-hover-animation-slide\" style=\"background-color:rgba(255,255,255,0);\" data-animationOffset=\"100%\"><div class=\"heading heading-with-icon icon-left\"><div class=\"icon\"><i style=\"background-color:transparent;border-color:transparent;height:auto;width: 44px;line-height:normal;color:#00528c;font-size:44px;\" aria-hidden=\"true\" class=\"fontawesome-icon fa fa-home circle-no\"><\/i><\/div><h2 class=\"content-box-heading\" style=\"font-size:18px;line-height:23px;\">Adresa<\/h2><\/div><div class=\"fusion-clearfix\"><\/div><div class=\"content-container\" style=\"color:#747474;\">\n<p style=\"text-align: center;\">Knez Mihailova 22,<br \/>\n11 000 Beograd<\/p>\n<\/div><\/div><\/div><div class=\"fusion-column content-box-column content-box-column content-box-column-2 col-lg-3 col-md-3 col-sm-3 fusion-content-box-hover \"><div class=\"col content-box-wrapper content-wrapper link-area-box icon-hover-animation-slide\" style=\"background-color:rgba(255,255,255,0);\" data-animationOffset=\"100%\"><div class=\"heading heading-with-icon icon-left\"><div class=\"icon\"><i style=\"background-color:transparent;border-color:transparent;height:auto;width: 44px;line-height:normal;color:#00528c;font-size:44px;\" aria-hidden=\"true\" class=\"fontawesome-icon fa fa-clock-o circle-no\"><\/i><\/div><h2 class=\"content-box-heading\" style=\"font-size:18px;line-height:23px;\">Radno vreme<\/h2><\/div><div class=\"fusion-clearfix\"><\/div><div class=\"content-container\" style=\"color:#747474;\">\n<p style=\"text-align: center;\">Ponedeljak-Petak:<br \/>08.30 &#8211; 17.00\u00a0<\/p>\n<\/div><\/div><\/div><div class=\"fusion-column content-box-column content-box-column content-box-column-3 col-lg-3 col-md-3 col-sm-3 fusion-content-box-hover \"><div class=\"col content-box-wrapper content-wrapper link-area-box icon-hover-animation-slide\" style=\"background-color:rgba(255,255,255,0);\" data-animationOffset=\"100%\"><div class=\"heading heading-with-icon icon-left\"><div class=\"icon\"><i style=\"background-color:transparent;border-color:transparent;height:auto;width: 44px;line-height:normal;color:#00528c;font-size:44px;\" aria-hidden=\"true\" class=\"fontawesome-icon fa fa-phone circle-no\"><\/i><\/div><h2 class=\"content-box-heading\" style=\"font-size:18px;line-height:23px;\">Telefon & Fax<\/h2><\/div><div class=\"fusion-clearfix\"><\/div><div class=\"content-container\" style=\"color:#747474;\">\n<p style=\"text-align: center;\">Tel: +381 11 3039104<br \/>\nFax: +381 11 3039105<\/p>\n<\/div><\/div><\/div><div class=\"fusion-column content-box-column content-box-column content-box-column-4 col-lg-3 col-md-3 col-sm-3 fusion-content-box-hover content-box-column-last content-box-column-last-in-row\"><div class=\"col content-box-wrapper content-wrapper link-area-box icon-hover-animation-slide\" style=\"background-color:rgba(255,255,255,0);\" data-animationOffset=\"100%\"><div class=\"heading heading-with-icon icon-left\"><div class=\"icon\"><i style=\"background-color:transparent;border-color:transparent;height:auto;width: 44px;line-height:normal;color:#00528c;font-size:44px;\" aria-hidden=\"true\" class=\"fontawesome-icon fa fa-envelope-o circle-no\"><\/i><\/div><h2 class=\"content-box-heading\" style=\"font-size:18px;line-height:23px;\">Email<\/h2><\/div><div class=\"fusion-clearfix\"><\/div><div class=\"content-container\" style=\"color:#747474;\">\n<p style=\"text-align: center;\"><a href=\"mailto:office@confida.rs\">office@confida.rs<\/a><\/p>\n<\/div><\/div><\/div><style type=\"text\/css\">\n\t\t\t\t\t\t.fusion-content-boxes-1 .fusion-content-box-hover .heading-link:hover .icon i.circle-yes,\n\t\t\t\t\t\t.fusion-content-boxes-1 .fusion-content-box-hover .link-area-box:hover .heading-link .icon i.circle-yes,\n\t\t\t\t\t\t.fusion-content-boxes-1 .fusion-content-box-hover .link-area-link-icon-hover .heading .icon i.circle-yes,\n\t\t\t\t\t\t.fusion-content-boxes-1 .fusion-content-box-hover .link-area-box-hover .heading .icon i.circle-yes {\n\t\t\t\t\t\t\tbackground-color: transparent !important;\n\t\t\t\t\t\t\tborder-color: #00b0fc !important;\n\t\t\t\t\t\t}<\/style><div class=\"fusion-clearfix\"><\/div><\/div><div class=\"fusion-clearfix\"><\/div><\/div><\/div><\/div><\/div><\/p>\n","protected":false},"excerpt":{"rendered":"","protected":false},"author":1,"featured_media":0,"parent":0,"menu_order":0,"comment_status":"closed","ping_status":"open","template":"100-width.php","meta":[],"yoast_head":"<!-- This site is optimized with the Yoast SEO plugin v17.8 - https:\/\/yoast.com\/wordpress\/plugins\/seo\/ -->\n<title>Kontakt - Confida<\/title>\n<meta name=\"robots\" content=\"index, follow, max-snippet:-1, max-image-preview:large, max-video-preview:-1\" \/>\n<link rel=\"canonical\" href=\"https:\/\/www.confida.rs\/rs\/kontakt\/\" \/>\n<meta property=\"og:locale\" content=\"en_US\" \/>\n<meta property=\"og:type\" content=\"article\" \/>\n<meta property=\"og:title\" content=\"Kontakt - Confida\" \/>\n<meta property=\"og:url\" content=\"https:\/\/www.confida.rs\/rs\/kontakt\/\" \/>\n<meta property=\"og:site_name\" content=\"Confida\" \/>\n<meta property=\"article:publisher\" content=\"http:\/\/www.facebook.com\/confida.rs\/\" \/>\n<meta property=\"article:modified_time\" content=\"2021-05-12T07:46:44+00:00\" \/>\n<meta name=\"twitter:card\" content=\"summary_large_image\" \/>\n<meta name=\"twitter:site\" content=\"@Confida_Serbia\" \/>\n<meta name=\"twitter:label1\" content=\"Est. reading time\" \/>\n\t<meta name=\"twitter:data1\" content=\"5 minutes\" \/>\n<script type=\"application\/ld+json\" class=\"yoast-schema-graph\">{\"@context\":\"https:\/\/schema.org\",\"@graph\":[{\"@type\":\"Organization\",\"@id\":\"https:\/\/www.confida.rs\/rs\/#organization\",\"name\":\"Confida - Tax Audit Consulting\",\"url\":\"https:\/\/www.confida.rs\/rs\/\",\"sameAs\":[\"http:\/\/www.facebook.com\/confida.rs\/\",\"http:\/\/www.instagram.com\/confida_srbija\/\",\"https:\/\/www.linkedin.com\/company\/confida-consulting-d.o.o.\",\"https:\/\/www.youtube.com\/channel\/UC5KYlQZksIBOT1bKtW89LIQ\",\"https:\/\/twitter.com\/Confida_Serbia\"],\"logo\":{\"@type\":\"ImageObject\",\"@id\":\"https:\/\/www.confida.rs\/rs\/#logo\",\"inLanguage\":\"en\",\"url\":\"https:\/\/www.confida.rs\/rs\/wp-content\/uploads\/2018\/01\/confida_logo.png\",\"contentUrl\":\"https:\/\/www.confida.rs\/rs\/wp-content\/uploads\/2018\/01\/confida_logo.png\",\"width\":280,\"height\":65,\"caption\":\"Confida - Tax Audit Consulting\"},\"image\":{\"@id\":\"https:\/\/www.confida.rs\/rs\/#logo\"}},{\"@type\":\"WebSite\",\"@id\":\"https:\/\/www.confida.rs\/rs\/#website\",\"url\":\"https:\/\/www.confida.rs\/rs\/\",\"name\":\"Confida\",\"description\":\"Tax Audit Consulting\",\"publisher\":{\"@id\":\"https:\/\/www.confida.rs\/rs\/#organization\"},\"potentialAction\":[{\"@type\":\"SearchAction\",\"target\":{\"@type\":\"EntryPoint\",\"urlTemplate\":\"https:\/\/www.confida.rs\/rs\/?s={search_term_string}\"},\"query-input\":\"required name=search_term_string\"}],\"inLanguage\":\"en\"},{\"@type\":\"WebPage\",\"@id\":\"https:\/\/www.confida.rs\/rs\/kontakt\/#webpage\",\"url\":\"https:\/\/www.confida.rs\/rs\/kontakt\/\",\"name\":\"Kontakt - Confida\",\"isPartOf\":{\"@id\":\"https:\/\/www.confida.rs\/rs\/#website\"},\"datePublished\":\"2015-07-01T19:50:39+00:00\",\"dateModified\":\"2021-05-12T07:46:44+00:00\",\"breadcrumb\":{\"@id\":\"https:\/\/www.confida.rs\/rs\/kontakt\/#breadcrumb\"},\"inLanguage\":\"en\",\"potentialAction\":[{\"@type\":\"ReadAction\",\"target\":[\"https:\/\/www.confida.rs\/rs\/kontakt\/\"]}]},{\"@type\":\"BreadcrumbList\",\"@id\":\"https:\/\/www.confida.rs\/rs\/kontakt\/#breadcrumb\",\"itemListElement\":[{\"@type\":\"ListItem\",\"position\":1,\"name\":\"Home\",\"item\":\"https:\/\/www.confida.rs\/rs\/\"},{\"@type\":\"ListItem\",\"position\":2,\"name\":\"Kontakt\"}]}]}<\/script>\n<!-- \/ Yoast SEO plugin. -->","yoast_head_json":{"title":"Kontakt - Confida","robots":{"index":"index","follow":"follow","max-snippet":"max-snippet:-1","max-image-preview":"max-image-preview:large","max-video-preview":"max-video-preview:-1"},"canonical":"https:\/\/www.confida.rs\/rs\/kontakt\/","og_locale":"en_US","og_type":"article","og_title":"Kontakt - Confida","og_url":"https:\/\/www.confida.rs\/rs\/kontakt\/","og_site_name":"Confida","article_publisher":"http:\/\/www.facebook.com\/confida.rs\/","article_modified_time":"2021-05-12T07:46:44+00:00","twitter_card":"summary_large_image","twitter_site":"@Confida_Serbia","twitter_misc":{"Est. reading time":"5 minutes"},"schema":{"@context":"https:\/\/schema.org","@graph":[{"@type":"Organization","@id":"https:\/\/www.confida.rs\/rs\/#organization","name":"Confida - Tax Audit Consulting","url":"https:\/\/www.confida.rs\/rs\/","sameAs":["http:\/\/www.facebook.com\/confida.rs\/","http:\/\/www.instagram.com\/confida_srbija\/","https:\/\/www.linkedin.com\/company\/confida-consulting-d.o.o.","https:\/\/www.youtube.com\/channel\/UC5KYlQZksIBOT1bKtW89LIQ","https:\/\/twitter.com\/Confida_Serbia"],"logo":{"@type":"ImageObject","@id":"https:\/\/www.confida.rs\/rs\/#logo","inLanguage":"en","url":"https:\/\/www.confida.rs\/rs\/wp-content\/uploads\/2018\/01\/confida_logo.png","contentUrl":"https:\/\/www.confida.rs\/rs\/wp-content\/uploads\/2018\/01\/confida_logo.png","width":280,"height":65,"caption":"Confida - Tax Audit Consulting"},"image":{"@id":"https:\/\/www.confida.rs\/rs\/#logo"}},{"@type":"WebSite","@id":"https:\/\/www.confida.rs\/rs\/#website","url":"https:\/\/www.confida.rs\/rs\/","name":"Confida","description":"Tax Audit Consulting","publisher":{"@id":"https:\/\/www.confida.rs\/rs\/#organization"},"potentialAction":[{"@type":"SearchAction","target":{"@type":"EntryPoint","urlTemplate":"https:\/\/www.confida.rs\/rs\/?s={search_term_string}"},"query-input":"required name=search_term_string"}],"inLanguage":"en"},{"@type":"WebPage","@id":"https:\/\/www.confida.rs\/rs\/kontakt\/#webpage","url":"https:\/\/www.confida.rs\/rs\/kontakt\/","name":"Kontakt - Confida","isPartOf":{"@id":"https:\/\/www.confida.rs\/rs\/#website"},"datePublished":"2015-07-01T19:50:39+00:00","dateModified":"2021-05-12T07:46:44+00:00","breadcrumb":{"@id":"https:\/\/www.confida.rs\/rs\/kontakt\/#breadcrumb"},"inLanguage":"en","potentialAction":[{"@type":"ReadAction","target":["https:\/\/www.confida.rs\/rs\/kontakt\/"]}]},{"@type":"BreadcrumbList","@id":"https:\/\/www.confida.rs\/rs\/kontakt\/#breadcrumb","itemListElement":[{"@type":"ListItem","position":1,"name":"Home","item":"https:\/\/www.confida.rs\/rs\/"},{"@type":"ListItem","position":2,"name":"Kontakt"}]}]}},"_links":{"self":[{"href":"https:\/\/www.confida.rs\/rs\/wp-json\/wp\/v2\/pages\/744"}],"collection":[{"href":"https:\/\/www.confida.rs\/rs\/wp-json\/wp\/v2\/pages"}],"about":[{"href":"https:\/\/www.confida.rs\/rs\/wp-json\/wp\/v2\/types\/page"}],"author":[{"embeddable":true,"href":"https:\/\/www.confida.rs\/rs\/wp-json\/wp\/v2\/users\/1"}],"replies":[{"embeddable":true,"href":"https:\/\/www.confida.rs\/rs\/wp-json\/wp\/v2\/comments?post=744"}],"version-history":[{"count":12,"href":"https:\/\/www.confida.rs\/rs\/wp-json\/wp\/v2\/pages\/744\/revisions"}],"predecessor-version":[{"id":2719,"href":"https:\/\/www.confida.rs\/rs\/wp-json\/wp\/v2\/pages\/744\/revisions\/2719"}],"wp:attachment":[{"href":"https:\/\/www.confida.rs\/rs\/wp-json\/wp\/v2\/media?parent=744"}],"curies":[{"name":"wp","href":"https:\/\/api.w.org\/{rel}","templated":true}]}}