{"id":1817,"date":"2018-08-22T16:08:15","date_gmt":"2018-08-22T16:08:15","guid":{"rendered":"http:\/\/www.confida.rs\/rs\/?page_id=1817"},"modified":"2019-02-28T04:44:16","modified_gmt":"2019-02-28T04:44:16","slug":"senior-racunovodja","status":"publish","type":"page","link":"https:\/\/www.confida.rs\/rs\/karijera\/senior-racunovodja\/","title":{"rendered":"Senior Ra\u010dunovo\u0111a"},"content":{"rendered":"<p><div class=\"fusion-fullwidth fullwidth-box fusion-builder-row-1 nonhundred-percent-fullwidth non-hundred-percent-height-scrolling\" style=\"background-color: rgba(255,255,255,0);background-position: center center;background-repeat: no-repeat;padding-top:0px;padding-right:0px;padding-bottom:0px;padding-left:0px;margin-bottom: 0px;margin-top: 0px;border-width: 0px 0px 0px 0px;border-color:#eae9e9;border-style:solid;\" ><div class=\"fusion-builder-row fusion-row\"><div class=\"fusion-layout-column fusion_builder_column fusion-builder-column-0 fusion_builder_column_1_1 1_1 fusion-one-full fusion-column-first fusion-column-last\" style=\"margin-top:0px;margin-bottom:20px;\"><div class=\"fusion-column-wrapper fusion-flex-column-wrapper-legacy\" style=\"background-position:left top;background-repeat:no-repeat;-webkit-background-size:cover;-moz-background-size:cover;-o-background-size:cover;background-size:cover;padding: 0px 0px 0px 0px;\"><div class=\"fusion-clearfix\"><\/div><\/div><\/div><div class=\"fusion-layout-column fusion_builder_column fusion-builder-column-1 fusion_builder_column_1_1 1_1 fusion-one-full fusion-column-first fusion-column-last\" style=\"margin-top:0px;margin-bottom:45px;\"><div class=\"fusion-column-wrapper fusion-flex-column-wrapper-legacy\" style=\"background-position:left top;background-repeat:no-repeat;-webkit-background-size:cover;-moz-background-size:cover;-o-background-size:cover;background-size:cover;background-color:#ffffff;border:1px solid #e2e2e2;padding: 40px 60px 20px 60px;\"><div class=\"fusion-text fusion-text-1\"><p style=\"text-align: center;\"><img class=\"alignnone size-full wp-image-1085\" src=\"http:\/\/www.confida.rs\/rs\/wp-content\/uploads\/2018\/01\/confida_logo.png\" alt=\"\" width=\"280\" height=\"65\" srcset=\"https:\/\/www.confida.rs\/rs\/wp-content\/uploads\/2018\/01\/confida_logo-200x46.png 200w, https:\/\/www.confida.rs\/rs\/wp-content\/uploads\/2018\/01\/confida_logo.png 280w\" sizes=\"(max-width: 280px) 100vw, 280px\" \/><\/p>\n<p><strong>CONFIDA<\/strong> je internacionalna grupa koja se bavi knjigovodstvom, poreskim savetovanjem i revizijom sa kancelarijama u zemljama jugoisto\u010dne Evrope. Na tr\u017ei\u0161tima sve prisutnije globalizacije pru\u017eamo usluge savetovanja klijentima iz svih poslovnih oblasti. Na\u0161e poslovanje se zasniva na pricipu najboljih umova \u2013 kombinovanjem me\u0111unarodnog iskustva i lokalnog khow-how-a, pru\u017eaju\u0107i na\u0161im klijentima odgovore na sva njihova pitanja.<\/p>\n<p>Zbog pro\u0161irenja obima posla<strong> CONFIDA<\/strong> tra\u017ei motivisanog kandidata za poziciju:<\/p>\n<h2 style=\"text-align: center;\"><strong>SENIOR RA\u010cUNOVO\u0110A<\/strong><\/h2>\n<p><strong>Odgovornosti:<\/strong><\/p>\n<ul>\n<li>Knjigovodstvo ulaznih i izlaznih ra\u010duna, dokumentacija uvoza i izvoza;<\/li>\n<li>Kontrola i usagla\u0161avanje robnog\/materijalnog sa finansijskim ra\u010dunovodstvom;<\/li>\n<li>Knjigovodstvena evidencija svih poslovnih transakcija;<\/li>\n<li>Obra\u010dun PDV-a i podno\u0161enje PDV prijava;<\/li>\n<li>Vo\u0111enje evidencije osnovnih sredstava;<\/li>\n<li>Provera ispravnosti primljene dokumentacije;<\/li>\n<li>Asistencija u pripremi zvani\u010dnih finansijskih izve\u0161taja;<\/li>\n<li>Priprema i organizacija svih odlo\u017eenih pla\u0107anja kao i knjigovodstvo bankarskih transakcija;<\/li>\n<li>Knji\u017eenje i kontrola glavne knjige i usagla\u0161avanje sa analiti\u010dkim evidencijama;<\/li>\n<li>Ostali dodeljeni knjigovodstveni poslovi.<\/li>\n<\/ul>\n<p><strong>Zahtevi:<\/strong><\/p>\n<ul>\n<li>Minimum 5 godina iskustva u ra\u010dunovodstvu;<\/li>\n<li>Diplomirani ekonomista \/ ra\u010dunovodstvo;<\/li>\n<li>Iskustvo u radu sa internacionalnim kompanijama;<\/li>\n<li>Znanje rada u ABSoft programu;<\/li>\n<li>Poznavanje rada u programu SAP-u je prednost;<\/li>\n<li>Odli\u010dno znanje engleskog jezika;<\/li>\n<li><span style=\"font-weight: 400;\">Znanje nema\u010dkog jezika je prednost;<\/span><\/li>\n<li>Napredno poznavanje MS Office-a posebno Excela i drugih alata (Outlook, Internet);<\/li>\n<\/ul>\n<p><strong>Profil kandidata:<\/strong><\/p>\n<ul>\n<li>Organizovanost u radu, ta\u010dnost i analiti\u010dnost;<\/li>\n<li>Efikasnost i sposobnost za timski rad i rad sa klijentima sa pozitivnim i prijateljskim stavom.<\/li>\n<\/ul>\n<p><strong>Nudimo:<\/strong><\/p>\n<ul>\n<li>Konkurentne uslove zapo\u0161ljavanja;<\/li>\n<li>Mogu\u0107nost profesionalnog i li\u010dnog razvoja.<\/li>\n<\/ul>\n<p>Zainteresovani kandidati svoje propratno pismo i biografiju mogu poslati elektronskim putem kori\u0161\u0107enjem obrasca ispod ili putem emaila na <a href=\"mailto:hr@confida.rs\">hr@confida.rs<\/a>.<\/p>\n<p>Hvala na interesovanju. <span style=\"font-weight: 400;\">Bi\u0107e kontaktirani samo kandidati koji su u\u0161li u u\u017ei izbor.<\/span><\/p>\n<\/div><div class=\"fusion-clearfix\"><\/div><\/div><\/div><div class=\"fusion-layout-column fusion_builder_column fusion-builder-column-2 fusion_builder_column_1_1 1_1 fusion-one-full fusion-column-first fusion-column-last\" style=\"margin-top:0px;margin-bottom:45px;\"><div class=\"fusion-column-wrapper fusion-flex-column-wrapper-legacy\" style=\"background-position:left top;background-repeat:no-repeat;-webkit-background-size:cover;-moz-background-size:cover;-o-background-size:cover;background-size:cover;background-color:#ffffff;border:1px solid #e2e2e2;padding: 40px 60px 40px 60px;\"><div class=\"fusion-text fusion-text-2\"><h3 style=\"text-align: center;\">APPLY FOR THIS POSITION<\/h3>\n<\/div><div class=\"fusion-sep-clear\"><\/div><div class=\"fusion-separator fusion-full-width-sep\" style=\"margin-left: auto;margin-right: auto;margin-top:-30px;width:100%;\"><\/div><div class=\"fusion-sep-clear\"><\/div><div class=\"fusion-text fusion-text-3\"><h5 style=\"text-align: left;\">SEND US YOUR CV AND COVER LETTER USING THE FORM BELOW!<\/h5>\n<div role=\"form\" class=\"wpcf7\" id=\"wpcf7-f1336-o1\" lang=\"en-US\" dir=\"ltr\">\n<div class=\"screen-reader-response\"><p role=\"status\" aria-live=\"polite\" aria-atomic=\"true\"><\/p> <ul><\/ul><\/div>\n<form action=\"\/rs\/wp-json\/wp\/v2\/pages\/1817#wpcf7-f1336-o1\" method=\"post\" class=\"wpcf7-form init mailchimp-ext-0.5.72\" enctype=\"multipart\/form-data\" novalidate=\"novalidate\" data-status=\"init\">\n<div style=\"display: none;\">\n<input type=\"hidden\" name=\"_wpcf7\" value=\"1336\" \/>\n<input type=\"hidden\" name=\"_wpcf7_version\" value=\"5.5.3\" \/>\n<input type=\"hidden\" name=\"_wpcf7_locale\" value=\"en_US\" \/>\n<input type=\"hidden\" name=\"_wpcf7_unit_tag\" value=\"wpcf7-f1336-o1\" \/>\n<input type=\"hidden\" name=\"_wpcf7_container_post\" value=\"0\" \/>\n<input type=\"hidden\" name=\"_wpcf7_posted_data_hash\" value=\"\" \/>\n<input type=\"hidden\" name=\"_wpcf7_recaptcha_response\" value=\"\" \/>\n<\/div>\n<p><label> Your Name (required)<br \/>\n    <span class=\"wpcf7-form-control-wrap your-name\"><input type=\"text\" name=\"your-name\" value=\"\" size=\"40\" class=\"wpcf7-form-control wpcf7-text wpcf7-validates-as-required\" aria-required=\"true\" aria-invalid=\"false\" \/><\/span> <\/label><\/p>\n<p><label> Your Email (required)<br \/>\n    <span class=\"wpcf7-form-control-wrap your-email\"><input type=\"email\" name=\"your-email\" value=\"\" size=\"40\" class=\"wpcf7-form-control wpcf7-text wpcf7-email wpcf7-validates-as-required wpcf7-validates-as-email\" aria-required=\"true\" aria-invalid=\"false\" \/><\/span> <\/label><\/p>\n<p><label>Your Phone Number (required)<br \/>\n<span class=\"wpcf7-form-control-wrap PhoneNumber\"><input type=\"tel\" name=\"PhoneNumber\" value=\"\" size=\"40\" class=\"wpcf7-form-control wpcf7-text wpcf7-tel wpcf7-validates-as-required wpcf7-validates-as-tel\" aria-required=\"true\" aria-invalid=\"false\" \/><\/span><\/label><\/p>\n<p><label> Attach CV: (required)<br \/>\n   <span class=\"wpcf7-form-control-wrap CVsend\"><input type=\"file\" name=\"CVsend\" size=\"40\" class=\"wpcf7-form-control wpcf7-file wpcf7-validates-as-required\" accept=\".pdf\" aria-required=\"true\" aria-invalid=\"false\" \/><\/span> <\/label><\/p>\n<p><label> Your LinkedIn Profile<br \/>\n<span class=\"wpcf7-form-control-wrap URL\"><input type=\"url\" name=\"URL\" value=\"\" size=\"40\" class=\"wpcf7-form-control wpcf7-text wpcf7-url wpcf7-validates-as-url\" aria-invalid=\"false\" \/><\/span> <\/label><\/p>\n<p><input type=\"submit\" value=\"Submit\" class=\"wpcf7-form-control has-spinner wpcf7-submit\" \/><\/p>\n<div class=\"fusion-alert alert custom alert-custom fusion-alert-center wpcf7-response-output alert-dismissable\" style=\"border-width:1px;\"><button type=\"button\" class=\"close toggle-alert\" data-dismiss=\"alert\" aria-hidden=\"true\">&times;<\/button><div class=\"fusion-alert-content-wrapper\"><span class=\"fusion-alert-content\"><\/span><\/div><\/div><p style=\"display: none !important\"><span class=\"wpcf7-form-control-wrap referer-page\"><input type=\"hidden\" name=\"referer-page\" value=\"http:\/\/Direct%20Visit\" data-value=\"http:\/\/Direct%20Visit\" class=\"wpcf7-form-control wpcf7-text referer-page\" aria-invalid=\"false\"><\/span><\/p>\n<!-- Chimpmatic extension by Renzo Johnson --><\/form><\/div>\n<\/div><div class=\"fusion-clearfix\"><\/div><\/div><\/div><\/div><\/div><div class=\"fusion-bg-parallax\" data-bg-align=\"center center\" data-direction=\"up\" data-mute=\"false\" data-opacity=\"100\" data-velocity=\"-0.5\" data-mobile-enabled=\"false\" data-break_parents=\"0\" data-bg-image=\"https:\/\/avada.theme-fusion.com\/law\/wp-content\/uploads\/sites\/24\/2015\/02\/showeare-parallax.jpg\" data-bg-repeat=\"false\" ><\/div><div class=\"fusion-fullwidth fullwidth-box fusion-builder-row-2 fusion-parallax-up nonhundred-percent-fullwidth non-hundred-percent-height-scrolling\" style=\"background-color: rgba(255,255,255,0);background-image: url(&quot;https:\/\/avada.theme-fusion.com\/law\/wp-content\/uploads\/sites\/24\/2015\/02\/showeare-parallax.jpg&quot;);background-position: center center;background-repeat: no-repeat;padding-top:100px;padding-right:0px;padding-bottom:25px;padding-left:0px;margin-bottom: 0px;margin-top: 0px;border-width: 0px 0px 0px 0px;border-color:#eae9e9;border-style:solid;-webkit-background-size:cover;-moz-background-size:cover;-o-background-size:cover;background-size:cover;\" ><div class=\"fusion-builder-row fusion-row\"><div class=\"fusion-layout-column fusion_builder_column fusion-builder-column-3 fusion_builder_column_1_1 1_1 fusion-one-full fusion-column-first fusion-column-last fusion-column-no-min-height\" style=\"margin-top:0px;margin-bottom:0px;\"><div class=\"fusion-column-wrapper fusion-flex-column-wrapper-legacy\" style=\"background-position:left top;background-repeat:no-repeat;-webkit-background-size:cover;-moz-background-size:cover;-o-background-size:cover;background-size:cover;padding: 0px 0px 0px 0px;\"><div class=\"fusion-content-boxes content-boxes columns row fusion-columns-4 fusion-columns-total-4 fusion-content-boxes-1 content-boxes-icon-on-top content-left\" data-animationOffset=\"100%\" style=\"margin-top:0px;margin-bottom:60px;\"><style type=\"text\/css\">.fusion-content-boxes-1 .heading .content-box-heading {color:#ffffff;}\n\t\t\t\t\t.fusion-content-boxes-1 .fusion-content-box-hover .link-area-link-icon-hover .heading .content-box-heading,\n\t\t\t\t\t.fusion-content-boxes-1 .fusion-content-box-hover .link-area-link-icon-hover .heading .heading-link .content-box-heading,\n\t\t\t\t\t.fusion-content-boxes-1 .fusion-content-box-hover .link-area-box-hover .heading .content-box-heading,\n\t\t\t\t\t.fusion-content-boxes-1 .fusion-content-box-hover .link-area-box-hover .heading .heading-link .content-box-heading,\n\t\t\t\t\t.fusion-content-boxes-1 .fusion-content-box-hover .link-area-link-icon-hover.link-area-box .fusion-read-more,\n\t\t\t\t\t.fusion-content-boxes-1 .fusion-content-box-hover .link-area-link-icon-hover.link-area-box .fusion-read-more::after,\n\t\t\t\t\t.fusion-content-boxes-1 .fusion-content-box-hover .link-area-link-icon-hover.link-area-box .fusion-read-more::before,\n\t\t\t\t\t.fusion-content-boxes-1 .fusion-content-box-hover .fusion-read-more:hover:after,\n\t\t\t\t\t.fusion-content-boxes-1 .fusion-content-box-hover .fusion-read-more:hover:before,\n\t\t\t\t\t.fusion-content-boxes-1 .fusion-content-box-hover .fusion-read-more:hover,\n\t\t\t\t\t.fusion-content-boxes-1 .fusion-content-box-hover .link-area-box-hover.link-area-box .fusion-read-more,\n\t\t\t\t\t.fusion-content-boxes-1 .fusion-content-box-hover .link-area-box-hover.link-area-box .fusion-read-more::after,\n\t\t\t\t\t.fusion-content-boxes-1 .fusion-content-box-hover .link-area-box-hover.link-area-box .fusion-read-more::before,\n\t\t\t\t\t.fusion-content-boxes-1 .fusion-content-box-hover .link-area-link-icon-hover .icon .circle-no,\n\t\t\t\t\t.fusion-content-boxes-1 .heading .heading-link:hover .content-box-heading {\n\t\t\t\t\t\tcolor: #0f5388;\n\t\t\t\t\t}\n\t\t\t\t\t.fusion-content-boxes-1 .fusion-content-box-hover .link-area-box-hover .icon .circle-no {\n\t\t\t\t\t\tcolor: #0f5388 !important;\n\t\t\t\t\t}.fusion-content-boxes-1 .fusion-content-box-hover .link-area-box.link-area-box-hover .fusion-content-box-button {background: #0069ba;color: #ffffff;}.fusion-content-boxes-1 .fusion-content-box-hover .link-area-box.link-area-box-hover .fusion-content-box-button .fusion-button-text {color: #ffffff;}\n\t\t\t\t\t.fusion-content-boxes-1 .fusion-content-box-hover .link-area-link-icon-hover .heading .icon > span {\n\t\t\t\t\t\tbackground-color: transparent !important;\n\t\t\t\t\t}\n\t\t\t\t\t.fusion-content-boxes-1 .fusion-content-box-hover .link-area-box-hover .heading .icon > span {\n\t\t\t\t\t\tborder-color: #0f5388 !important;\n\t\t\t\t\t}<\/style><div class=\"fusion-column content-box-column content-box-column content-box-column-1 col-lg-3 col-md-3 col-sm-3 fusion-content-box-hover content-box-column-first-in-row\"><div class=\"col content-box-wrapper content-wrapper link-area-box icon-hover-animation-slide\" style=\"background-color:rgba(255,255,255,0);\" data-animationOffset=\"100%\"><div class=\"heading heading-with-icon icon-left\"><div class=\"icon\"><i style=\"background-color:transparent;border-color:transparent;height:auto;width: 21px;line-height:normal;color:#ffffff;font-size:21px;\" aria-hidden=\"true\" class=\"fontawesome-icon fa fa-check circle-no\"><\/i><\/div><h2 class=\"content-box-heading\" style=\"font-size:18px;line-height:23px;\">CAREER PROGRESSION<\/h2><\/div><\/div><\/div><div class=\"fusion-column content-box-column content-box-column content-box-column-2 col-lg-3 col-md-3 col-sm-3 fusion-content-box-hover \"><div class=\"col content-box-wrapper content-wrapper link-area-box icon-hover-animation-slide\" style=\"background-color:rgba(255,255,255,0);\" data-animationOffset=\"100%\"><div class=\"heading heading-with-icon icon-left\"><div class=\"icon\"><i style=\"background-color:transparent;border-color:transparent;height:auto;width: 21px;line-height:normal;color:#ffffff;font-size:21px;\" aria-hidden=\"true\" class=\"fontawesome-icon fa fa-check circle-no\"><\/i><\/div><h2 class=\"content-box-heading\" style=\"font-size:18px;line-height:23px;\">IN-HOUSE TRAINING<\/h2><\/div><\/div><\/div><div class=\"fusion-column content-box-column content-box-column content-box-column-3 col-lg-3 col-md-3 col-sm-3 fusion-content-box-hover \"><div class=\"col content-box-wrapper content-wrapper link-area-box icon-hover-animation-slide\" style=\"background-color:rgba(255,255,255,0);\" data-animationOffset=\"100%\"><div class=\"heading heading-with-icon icon-left\"><div class=\"icon\"><i style=\"background-color:transparent;border-color:transparent;height:auto;width: 21px;line-height:normal;color:#ffffff;font-size:21px;\" aria-hidden=\"true\" class=\"fontawesome-icon fa fa-check circle-no\"><\/i><\/div><h2 class=\"content-box-heading\" style=\"font-size:18px;line-height:23px;\">GRADUATE SCHEMES<\/h2><\/div><\/div><\/div><div class=\"fusion-column content-box-column content-box-column content-box-column-4 col-lg-3 col-md-3 col-sm-3 fusion-content-box-hover content-box-column-last content-box-column-last-in-row\"><div class=\"col content-box-wrapper content-wrapper link-area-box icon-hover-animation-slide\" style=\"background-color:rgba(255,255,255,0);\" data-animationOffset=\"100%\"><div class=\"heading heading-with-icon icon-left\"><div class=\"icon\"><i style=\"background-color:transparent;border-color:transparent;height:auto;width: 21px;line-height:normal;color:#ffffff;font-size:21px;\" aria-hidden=\"true\" class=\"fontawesome-icon fa fa-check circle-no\"><\/i><\/div><h2 class=\"content-box-heading\" style=\"font-size:18px;line-height:23px;\">JOB SATISFACTION<\/h2><\/div><\/div><\/div><style type=\"text\/css\">\n\t\t\t\t\t\t.fusion-content-boxes-1 .fusion-content-box-hover .heading-link:hover .icon i.circle-yes,\n\t\t\t\t\t\t.fusion-content-boxes-1 .fusion-content-box-hover .link-area-box:hover .heading-link .icon i.circle-yes,\n\t\t\t\t\t\t.fusion-content-boxes-1 .fusion-content-box-hover .link-area-link-icon-hover .heading .icon i.circle-yes,\n\t\t\t\t\t\t.fusion-content-boxes-1 .fusion-content-box-hover .link-area-box-hover .heading .icon i.circle-yes {\n\t\t\t\t\t\t\tbackground-color: transparent !important;\n\t\t\t\t\t\t\tborder-color: #0f5388 !important;\n\t\t\t\t\t\t}<\/style><div class=\"fusion-clearfix\"><\/div><\/div><div class=\"fusion-clearfix\"><\/div><\/div><\/div><\/div><\/div>\n<\/p>\n","protected":false},"excerpt":{"rendered":"","protected":false},"author":1,"featured_media":0,"parent":16,"menu_order":0,"comment_status":"closed","ping_status":"closed","template":"100-width.php","meta":[],"yoast_head":"<!-- This site is optimized with the Yoast SEO plugin v17.8 - https:\/\/yoast.com\/wordpress\/plugins\/seo\/ -->\n<title>Senior Ra\u010dunovo\u0111a - Confida<\/title>\n<meta name=\"robots\" content=\"index, follow, max-snippet:-1, max-image-preview:large, max-video-preview:-1\" \/>\n<link rel=\"canonical\" href=\"https:\/\/www.confida.rs\/rs\/karijera\/senior-racunovodja\/\" \/>\n<meta property=\"og:locale\" content=\"en_US\" \/>\n<meta property=\"og:type\" content=\"article\" \/>\n<meta property=\"og:title\" content=\"Senior Ra\u010dunovo\u0111a - Confida\" \/>\n<meta property=\"og:url\" content=\"https:\/\/www.confida.rs\/rs\/karijera\/senior-racunovodja\/\" \/>\n<meta property=\"og:site_name\" content=\"Confida\" \/>\n<meta property=\"article:publisher\" content=\"http:\/\/www.facebook.com\/confida.rs\/\" \/>\n<meta property=\"article:modified_time\" content=\"2019-02-28T04:44:16+00:00\" \/>\n<meta property=\"og:image\" content=\"http:\/\/www.confida.rs\/rs\/wp-content\/uploads\/2018\/01\/confida_logo.png\" \/>\n<meta name=\"twitter:card\" content=\"summary_large_image\" \/>\n<meta name=\"twitter:site\" content=\"@Confida_Serbia\" \/>\n<meta name=\"twitter:label1\" content=\"Est. reading time\" \/>\n\t<meta name=\"twitter:data1\" content=\"3 minutes\" \/>\n<script type=\"application\/ld+json\" class=\"yoast-schema-graph\">{\"@context\":\"https:\/\/schema.org\",\"@graph\":[{\"@type\":\"Organization\",\"@id\":\"https:\/\/www.confida.rs\/rs\/#organization\",\"name\":\"Confida - Tax Audit Consulting\",\"url\":\"https:\/\/www.confida.rs\/rs\/\",\"sameAs\":[\"http:\/\/www.facebook.com\/confida.rs\/\",\"http:\/\/www.instagram.com\/confida_srbija\/\",\"https:\/\/www.linkedin.com\/company\/confida-consulting-d.o.o.\",\"https:\/\/www.youtube.com\/channel\/UC5KYlQZksIBOT1bKtW89LIQ\",\"https:\/\/twitter.com\/Confida_Serbia\"],\"logo\":{\"@type\":\"ImageObject\",\"@id\":\"https:\/\/www.confida.rs\/rs\/#logo\",\"inLanguage\":\"en\",\"url\":\"https:\/\/www.confida.rs\/rs\/wp-content\/uploads\/2018\/01\/confida_logo.png\",\"contentUrl\":\"https:\/\/www.confida.rs\/rs\/wp-content\/uploads\/2018\/01\/confida_logo.png\",\"width\":280,\"height\":65,\"caption\":\"Confida - Tax Audit Consulting\"},\"image\":{\"@id\":\"https:\/\/www.confida.rs\/rs\/#logo\"}},{\"@type\":\"WebSite\",\"@id\":\"https:\/\/www.confida.rs\/rs\/#website\",\"url\":\"https:\/\/www.confida.rs\/rs\/\",\"name\":\"Confida\",\"description\":\"Tax Audit Consulting\",\"publisher\":{\"@id\":\"https:\/\/www.confida.rs\/rs\/#organization\"},\"potentialAction\":[{\"@type\":\"SearchAction\",\"target\":{\"@type\":\"EntryPoint\",\"urlTemplate\":\"https:\/\/www.confida.rs\/rs\/?s={search_term_string}\"},\"query-input\":\"required name=search_term_string\"}],\"inLanguage\":\"en\"},{\"@type\":\"ImageObject\",\"@id\":\"https:\/\/www.confida.rs\/rs\/karijera\/senior-racunovodja\/#primaryimage\",\"inLanguage\":\"en\",\"url\":\"http:\/\/www.confida.rs\/rs\/wp-content\/uploads\/2018\/01\/confida_logo.png\",\"contentUrl\":\"http:\/\/www.confida.rs\/rs\/wp-content\/uploads\/2018\/01\/confida_logo.png\"},{\"@type\":\"WebPage\",\"@id\":\"https:\/\/www.confida.rs\/rs\/karijera\/senior-racunovodja\/#webpage\",\"url\":\"https:\/\/www.confida.rs\/rs\/karijera\/senior-racunovodja\/\",\"name\":\"Senior Ra\\u010dunovo\\u0111a - Confida\",\"isPartOf\":{\"@id\":\"https:\/\/www.confida.rs\/rs\/#website\"},\"primaryImageOfPage\":{\"@id\":\"https:\/\/www.confida.rs\/rs\/karijera\/senior-racunovodja\/#primaryimage\"},\"datePublished\":\"2018-08-22T16:08:15+00:00\",\"dateModified\":\"2019-02-28T04:44:16+00:00\",\"breadcrumb\":{\"@id\":\"https:\/\/www.confida.rs\/rs\/karijera\/senior-racunovodja\/#breadcrumb\"},\"inLanguage\":\"en\",\"potentialAction\":[{\"@type\":\"ReadAction\",\"target\":[\"https:\/\/www.confida.rs\/rs\/karijera\/senior-racunovodja\/\"]}]},{\"@type\":\"BreadcrumbList\",\"@id\":\"https:\/\/www.confida.rs\/rs\/karijera\/senior-racunovodja\/#breadcrumb\",\"itemListElement\":[{\"@type\":\"ListItem\",\"position\":1,\"name\":\"Home\",\"item\":\"https:\/\/www.confida.rs\/rs\/\"},{\"@type\":\"ListItem\",\"position\":2,\"name\":\"Karijera\",\"item\":\"https:\/\/www.confida.rs\/rs\/karijera\/\"},{\"@type\":\"ListItem\",\"position\":3,\"name\":\"Senior Ra\\u010dunovo\\u0111a\"}]}]}<\/script>\n<!-- \/ Yoast SEO plugin. -->","yoast_head_json":{"title":"Senior Ra\u010dunovo\u0111a - Confida","robots":{"index":"index","follow":"follow","max-snippet":"max-snippet:-1","max-image-preview":"max-image-preview:large","max-video-preview":"max-video-preview:-1"},"canonical":"https:\/\/www.confida.rs\/rs\/karijera\/senior-racunovodja\/","og_locale":"en_US","og_type":"article","og_title":"Senior Ra\u010dunovo\u0111a - Confida","og_url":"https:\/\/www.confida.rs\/rs\/karijera\/senior-racunovodja\/","og_site_name":"Confida","article_publisher":"http:\/\/www.facebook.com\/confida.rs\/","article_modified_time":"2019-02-28T04:44:16+00:00","og_image":[{"url":"http:\/\/www.confida.rs\/rs\/wp-content\/uploads\/2018\/01\/confida_logo.png"}],"twitter_card":"summary_large_image","twitter_site":"@Confida_Serbia","twitter_misc":{"Est. reading time":"3 minutes"},"schema":{"@context":"https:\/\/schema.org","@graph":[{"@type":"Organization","@id":"https:\/\/www.confida.rs\/rs\/#organization","name":"Confida - Tax Audit Consulting","url":"https:\/\/www.confida.rs\/rs\/","sameAs":["http:\/\/www.facebook.com\/confida.rs\/","http:\/\/www.instagram.com\/confida_srbija\/","https:\/\/www.linkedin.com\/company\/confida-consulting-d.o.o.","https:\/\/www.youtube.com\/channel\/UC5KYlQZksIBOT1bKtW89LIQ","https:\/\/twitter.com\/Confida_Serbia"],"logo":{"@type":"ImageObject","@id":"https:\/\/www.confida.rs\/rs\/#logo","inLanguage":"en","url":"https:\/\/www.confida.rs\/rs\/wp-content\/uploads\/2018\/01\/confida_logo.png","contentUrl":"https:\/\/www.confida.rs\/rs\/wp-content\/uploads\/2018\/01\/confida_logo.png","width":280,"height":65,"caption":"Confida - Tax Audit Consulting"},"image":{"@id":"https:\/\/www.confida.rs\/rs\/#logo"}},{"@type":"WebSite","@id":"https:\/\/www.confida.rs\/rs\/#website","url":"https:\/\/www.confida.rs\/rs\/","name":"Confida","description":"Tax Audit Consulting","publisher":{"@id":"https:\/\/www.confida.rs\/rs\/#organization"},"potentialAction":[{"@type":"SearchAction","target":{"@type":"EntryPoint","urlTemplate":"https:\/\/www.confida.rs\/rs\/?s={search_term_string}"},"query-input":"required name=search_term_string"}],"inLanguage":"en"},{"@type":"ImageObject","@id":"https:\/\/www.confida.rs\/rs\/karijera\/senior-racunovodja\/#primaryimage","inLanguage":"en","url":"http:\/\/www.confida.rs\/rs\/wp-content\/uploads\/2018\/01\/confida_logo.png","contentUrl":"http:\/\/www.confida.rs\/rs\/wp-content\/uploads\/2018\/01\/confida_logo.png"},{"@type":"WebPage","@id":"https:\/\/www.confida.rs\/rs\/karijera\/senior-racunovodja\/#webpage","url":"https:\/\/www.confida.rs\/rs\/karijera\/senior-racunovodja\/","name":"Senior Ra\u010dunovo\u0111a - Confida","isPartOf":{"@id":"https:\/\/www.confida.rs\/rs\/#website"},"primaryImageOfPage":{"@id":"https:\/\/www.confida.rs\/rs\/karijera\/senior-racunovodja\/#primaryimage"},"datePublished":"2018-08-22T16:08:15+00:00","dateModified":"2019-02-28T04:44:16+00:00","breadcrumb":{"@id":"https:\/\/www.confida.rs\/rs\/karijera\/senior-racunovodja\/#breadcrumb"},"inLanguage":"en","potentialAction":[{"@type":"ReadAction","target":["https:\/\/www.confida.rs\/rs\/karijera\/senior-racunovodja\/"]}]},{"@type":"BreadcrumbList","@id":"https:\/\/www.confida.rs\/rs\/karijera\/senior-racunovodja\/#breadcrumb","itemListElement":[{"@type":"ListItem","position":1,"name":"Home","item":"https:\/\/www.confida.rs\/rs\/"},{"@type":"ListItem","position":2,"name":"Karijera","item":"https:\/\/www.confida.rs\/rs\/karijera\/"},{"@type":"ListItem","position":3,"name":"Senior Ra\u010dunovo\u0111a"}]}]}},"_links":{"self":[{"href":"https:\/\/www.confida.rs\/rs\/wp-json\/wp\/v2\/pages\/1817"}],"collection":[{"href":"https:\/\/www.confida.rs\/rs\/wp-json\/wp\/v2\/pages"}],"about":[{"href":"https:\/\/www.confida.rs\/rs\/wp-json\/wp\/v2\/types\/page"}],"author":[{"embeddable":true,"href":"https:\/\/www.confida.rs\/rs\/wp-json\/wp\/v2\/users\/1"}],"replies":[{"embeddable":true,"href":"https:\/\/www.confida.rs\/rs\/wp-json\/wp\/v2\/comments?post=1817"}],"version-history":[{"count":8,"href":"https:\/\/www.confida.rs\/rs\/wp-json\/wp\/v2\/pages\/1817\/revisions"}],"predecessor-version":[{"id":1952,"href":"https:\/\/www.confida.rs\/rs\/wp-json\/wp\/v2\/pages\/1817\/revisions\/1952"}],"up":[{"embeddable":true,"href":"https:\/\/www.confida.rs\/rs\/wp-json\/wp\/v2\/pages\/16"}],"wp:attachment":[{"href":"https:\/\/www.confida.rs\/rs\/wp-json\/wp\/v2\/media?parent=1817"}],"curies":[{"name":"wp","href":"https:\/\/api.w.org\/{rel}","templated":true}]}}