{"id":1294,"date":"2018-03-23T19:21:06","date_gmt":"2018-03-23T19:21:06","guid":{"rendered":"https:\/\/eastgate.co\/projects\/confida\/?page_id=1294"},"modified":"2022-08-12T10:13:11","modified_gmt":"2022-08-12T10:13:11","slug":"payroll-outsourcing","status":"publish","type":"page","link":"https:\/\/www.confida.rs\/rs\/payroll-outsourcing\/","title":{"rendered":"Obra\u010dun zarada"},"content":{"rendered":"<p><div class=\"fusion-fullwidth fullwidth-box fusion-builder-row-1 nonhundred-percent-fullwidth non-hundred-percent-height-scrolling\" style=\"background-color: rgba(255,255,255,0);background-position: center center;background-repeat: no-repeat;padding-top:0px;padding-right:0px;padding-bottom:0px;padding-left:0px;margin-bottom: 0px;margin-top: 0px;border-width: 0px 0px 0px 0px;border-color:#eae9e9;border-style:solid;\" ><div class=\"fusion-builder-row fusion-row\"><div class=\"fusion-layout-column fusion_builder_column fusion-builder-column-0 fusion_builder_column_1_1 1_1 fusion-one-full fusion-column-first fusion-column-last\" style=\"margin-top:0px;margin-bottom:20px;\"><div class=\"fusion-column-wrapper fusion-flex-column-wrapper-legacy\" style=\"background-position:left top;background-repeat:no-repeat;-webkit-background-size:cover;-moz-background-size:cover;-o-background-size:cover;background-size:cover;background-color:#ffffff;border-width: 1px 1px 1px 1px;border-color:#ededed;border-style:solid;padding: 10px 20px 20px 20px;\"><div class=\"fusion-text fusion-text-1\"><h3><b>Obra\u010dun zarada<\/b><\/h3>\n<p><span style=\"font-weight: 400;\">Obra\u010dun zarada zaposlenih mo\u017ee biti dugotrajan i zahtevan proces. Mi Vam mo\u017eemo ponuditi kompletno re\u0161enje koje Vam daje sve prednosti odeljenja za obra\u010dun zarade, ali bez dodatnih tro\u0161kova i odgovornosti.<\/span><\/p>\n<p><span style=\"font-weight: 400;\">Na\u0161e sveobuhvatne usluge obra\u010duna zarade u potpunosti preuzimaju Va\u0161e obaveze oko procesa plac\u0301anja i omoguc\u0301avaju Vam da se usredsredite na Va\u0161u osnovnu delatnost.<\/span><\/p>\n<p><span style=\"font-weight: 400;\">Mo\u017eemo Vam ponuditi brojna re\u0161enja za obra\u010dun zarade koja su posebno dizajnirana da odgovaraju Va\u0161em timu i industriji bez obzira na njihovu veli\u010dinu. Na\u0161i paketi za platni promet su fleksibilni i podr\u017eavaju razmenu podataka u elektronskom ili \u0161tampanom obliku.<\/span><\/p>\n<p><span style=\"font-weight: 400;\">Preciznost isplata je izuzetno va\u017ena jer se odra\u017eava na va\u0161e poslovanje i uti\u010de na Va\u0161 odnos sa zaposlenima. Poma\u017eemo Vam u ja\u010danju ove obaveze dostavom platnih listova u skladu sa ugovorenim vremenskim okvirom.<\/span><\/p>\n<\/div><div class=\"fusion-clearfix\"><\/div><\/div><\/div><div class=\"fusion-layout-column fusion_builder_column fusion-builder-column-1 fusion_builder_column_1_2 1_2 fusion-one-half fusion-column-first\" style=\"width:50%;width:calc(50% - ( ( 4% ) * 0.5 ) );margin-right: 4%;margin-top:0px;margin-bottom:20px;\"><div class=\"fusion-column-wrapper fusion-flex-column-wrapper-legacy\" style=\"background-position:left top;background-repeat:no-repeat;-webkit-background-size:cover;-moz-background-size:cover;-o-background-size:cover;background-size:cover;background-color:#ffffff;border-width: 1px 1px 1px 1px;border-color:#ededed;border-style:solid;padding: 10px 20px 40px 20px;\"><div class=\"fusion-text fusion-text-2\"><h3 dir=\"ltr\"><strong>Na\u0161 proces:<\/strong><\/h3>\n<p><span style=\"font-weight: 400;\">Na\u0161 proces obra\u010duna zarada uklju\u010duje:<\/span><\/p>\n<\/div><ul class=\"fusion-checklist fusion-checklist-1\" style=\"font-size:15px;line-height:25.5px;\"><li class=\"fusion-li-item\"><span style=\"height:25.5px;width:25.5px;margin-right:10.5px;\" class=\"icon-wrapper circle-no\"><i class=\"fusion-li-icon fa-arrow-circle-right fas\" style=\"color:#0f5388;\" aria-hidden=\"true\"><\/i><\/span><div class=\"fusion-li-item-content\" style=\"margin-left:36px;\">\n<p><span style=\"font-weight: 400;\">Mese\u010dna obrada platnog spiska<\/span><\/p>\n<\/div><\/li><li class=\"fusion-li-item\"><span style=\"height:25.5px;width:25.5px;margin-right:10.5px;\" class=\"icon-wrapper circle-no\"><i class=\"fusion-li-icon fa-arrow-circle-right fas\" style=\"color:#0f5388;\" aria-hidden=\"true\"><\/i><\/span><div class=\"fusion-li-item-content\" style=\"margin-left:36px;\">\n<p><span style=\"font-weight: 400;\">Godi\u0161nji obra\u010dun poreza na dohodak<\/span><\/p>\n<\/div><\/li><li class=\"fusion-li-item\"><span style=\"height:25.5px;width:25.5px;margin-right:10.5px;\" class=\"icon-wrapper circle-no\"><i class=\"fusion-li-icon fa-arrow-circle-right fas\" style=\"color:#0f5388;\" aria-hidden=\"true\"><\/i><\/span><div class=\"fusion-li-item-content\" style=\"margin-left:36px;\">\n<p><span style=\"font-weight: 400;\">Registrovanje i odjavljivanje zaposlenih nadle\u017enim slu\u017ebama<\/span><\/p>\n<\/div><\/li><li class=\"fusion-li-item\"><span style=\"height:25.5px;width:25.5px;margin-right:10.5px;\" class=\"icon-wrapper circle-no\"><i class=\"fusion-li-icon fa-arrow-circle-right fas\" style=\"color:#0f5388;\" aria-hidden=\"true\"><\/i><\/span><div class=\"fusion-li-item-content\" style=\"margin-left:36px;\">\n<p><span style=\"font-weight: 400;\">Priprema i dostavljanje potrebnih obrazaca nadle\u017enim institucijama<\/span><\/p>\n<\/div><\/li><li class=\"fusion-li-item\"><span style=\"height:25.5px;width:25.5px;margin-right:10.5px;\" class=\"icon-wrapper circle-no\"><i class=\"fusion-li-icon fa-arrow-circle-right fas\" style=\"color:#0f5388;\" aria-hidden=\"true\"><\/i><\/span><div class=\"fusion-li-item-content\" style=\"margin-left:36px;\">\n<p><span style=\"font-weight: 400;\">Obra\u010dun zarada i zarada zaposlenih u skladu sa zakonskim propisima<\/span><\/p>\n<\/div><\/li><li class=\"fusion-li-item\"><span style=\"height:25.5px;width:25.5px;margin-right:10.5px;\" class=\"icon-wrapper circle-no\"><i class=\"fusion-li-icon fa-arrow-circle-right fas\" style=\"color:#0f5388;\" aria-hidden=\"true\"><\/i><\/span><div class=\"fusion-li-item-content\" style=\"margin-left:36px;\">\n<p><span style=\"font-weight: 400;\">Redovno a\u017euriranje svih zakonskih promena u odnosu na platni spisak<\/span><\/p>\n<\/div><\/li><li class=\"fusion-li-item\"><span style=\"height:25.5px;width:25.5px;margin-right:10.5px;\" class=\"icon-wrapper circle-no\"><i class=\"fusion-li-icon fa-arrow-circle-right fas\" style=\"color:#0f5388;\" aria-hidden=\"true\"><\/i><\/span><div class=\"fusion-li-item-content\" style=\"margin-left:36px;\">\n<p><span style=\"font-weight: 400;\">Obrada doprinisa za penzijsko i zdravstvenog osiguranje<\/span><\/p>\n<\/div><\/li><li class=\"fusion-li-item\"><span style=\"height:25.5px;width:25.5px;margin-right:10.5px;\" class=\"icon-wrapper circle-no\"><i class=\"fusion-li-icon fa-arrow-circle-right fas\" style=\"color:#0f5388;\" aria-hidden=\"true\"><\/i><\/span><div class=\"fusion-li-item-content\" style=\"margin-left:36px;\">\n<p><span style=\"font-weight: 400;\">Automatski proces (importovanje i eksportovanje dokumenata) i fleksibilnost u pogledu formata dokumenata<\/span><\/p>\n<\/div><\/li><li class=\"fusion-li-item\"><span style=\"height:25.5px;width:25.5px;margin-right:10.5px;\" class=\"icon-wrapper circle-no\"><i class=\"fusion-li-icon fa-arrow-circle-right fas\" style=\"color:#0f5388;\" aria-hidden=\"true\"><\/i><\/span><div class=\"fusion-li-item-content\" style=\"margin-left:36px;\">\n<p><span style=\"font-weight: 400;\">Elektronski izve\u0161taji<\/span><\/p>\n<\/div><\/li><li class=\"fusion-li-item\"><span style=\"height:25.5px;width:25.5px;margin-right:10.5px;\" class=\"icon-wrapper circle-no\"><i class=\"fusion-li-icon fa-arrow-circle-right fas\" style=\"color:#0f5388;\" aria-hidden=\"true\"><\/i><\/span><div class=\"fusion-li-item-content\" style=\"margin-left:36px;\">\n<p><span style=\"font-weight: 400;\"> Potpuna tajnost u \u010duvanju va\u0161ih podataka<\/span><\/p>\n<\/div><\/li><\/ul><div class=\"fusion-clearfix\"><\/div><\/div><\/div><div class=\"fusion-layout-column fusion_builder_column fusion-builder-column-2 fusion_builder_column_1_2 1_2 fusion-one-half fusion-column-last\" style=\"width:50%;width:calc(50% - ( ( 4% ) * 0.5 ) );margin-top:0px;margin-bottom:20px;\"><div class=\"fusion-column-wrapper fusion-flex-column-wrapper-legacy\" style=\"background-position:left top;background-repeat:no-repeat;-webkit-background-size:cover;-moz-background-size:cover;-o-background-size:cover;background-size:cover;background-color:#ffffff;border-width: 1px 1px 1px 1px;border-color:#ededed;border-style:solid;padding: 10px 20px 40px 20px;\"><div class=\"fusion-text fusion-text-3\"><h3 dir=\"ltr\">Usluge zapo\u0161ljavanja nerezidenata<\/h3>\n<p><span style=\"font-weight: 400;\">Za zapo\u0161ljavanje stranaca mo\u017eemo Vam pomoc\u0301i da sastavite i pojednostavite svoje zakonodavne i poreske obaveze prema stranim dr\u017eavljanjima a to uklju\u010duje sledec\u0301e usluge:<\/span><\/p>\n<\/div><ul class=\"fusion-checklist fusion-checklist-2\" style=\"font-size:15px;line-height:25.5px;\"><li class=\"fusion-li-item\"><span style=\"height:25.5px;width:25.5px;margin-right:10.5px;\" class=\"icon-wrapper circle-no\"><i class=\"fusion-li-icon fa-arrow-circle-right fas\" style=\"color:#0f5388;\" aria-hidden=\"true\"><\/i><\/span><div class=\"fusion-li-item-content\" style=\"margin-left:36px;\">\n<p><span style=\"font-weight: 400;\">Obra\u010dun plata i doprinosa za zaposlene kod poslodavaca koji nisu prijavljeni kod nadle\u017enih institucija u Srbiji<\/span><\/p>\n<\/div><\/li><li class=\"fusion-li-item\"><span style=\"height:25.5px;width:25.5px;margin-right:10.5px;\" class=\"icon-wrapper circle-no\"><i class=\"fusion-li-icon fa-arrow-circle-right fas\" style=\"color:#0f5388;\" aria-hidden=\"true\"><\/i><\/span><div class=\"fusion-li-item-content\" style=\"margin-left:36px;\">\n<p><span style=\"font-weight: 400;\">Pomoc\u0301 u stvaranju neophodnih ugovora o socijalnom osiguranju i registraciji kod nadle\u017enih organa za kompanije koje imaju sedi\u0161te izvan Srbije<\/span><\/p>\n<\/div><\/li><li class=\"fusion-li-item\"><span style=\"height:25.5px;width:25.5px;margin-right:10.5px;\" class=\"icon-wrapper circle-no\"><i class=\"fusion-li-icon fa-arrow-circle-right fas\" style=\"color:#0f5388;\" aria-hidden=\"true\"><\/i><\/span><div class=\"fusion-li-item-content\" style=\"margin-left:36px;\">\n<p><span style=\"font-weight: 400;\">Priprema plata za strane dr\u017eavljane i obra\u010dun izuzec\u0301a za doprinosa za socijalno osiguranje u Srbije<\/span><\/p>\n<\/div><\/li><li class=\"fusion-li-item\"><span style=\"height:25.5px;width:25.5px;margin-right:10.5px;\" class=\"icon-wrapper circle-no\"><i class=\"fusion-li-icon fa-arrow-circle-right fas\" style=\"color:#0f5388;\" aria-hidden=\"true\"><\/i><\/span><div class=\"fusion-li-item-content\" style=\"margin-left:36px;\">\n<p><span style=\"font-weight: 400;\">Pomoc\u0301 u izradi unutrasnjeg Sistema nadoknade tro\u0161kova i podno\u0161enje istih poreskim organima<\/span><\/p>\n<\/div><\/li><li class=\"fusion-li-item\"><span style=\"height:25.5px;width:25.5px;margin-right:10.5px;\" class=\"icon-wrapper circle-no\"><i class=\"fusion-li-icon fa-arrow-circle-right fas\" style=\"color:#0f5388;\" aria-hidden=\"true\"><\/i><\/span><div class=\"fusion-li-item-content\" style=\"margin-left:36px;\">\n<p><span style=\"font-weight: 400;\">Obrada dirketorskih plata<\/span><\/p>\n<\/div><\/li><li class=\"fusion-li-item\"><span style=\"height:25.5px;width:25.5px;margin-right:10.5px;\" class=\"icon-wrapper circle-no\"><i class=\"fusion-li-icon fa-arrow-circle-right fas\" style=\"color:#0f5388;\" aria-hidden=\"true\"><\/i><\/span><div class=\"fusion-li-item-content\" style=\"margin-left:36px;\">\n<p><span style=\"font-weight: 400;\">Pristup interdisciplinarnoj mre\u017ei Confida, kako na lokalnom tako i na me\u0111unarodnom nivou.<\/span><\/p>\n<\/div><\/li><\/ul><div class=\"fusion-clearfix\"><\/div><\/div><\/div><\/div><\/div><div class=\"fusion-fullwidth fullwidth-box fusion-builder-row-2 nonhundred-percent-fullwidth non-hundred-percent-height-scrolling fusion-equal-height-columns\" style=\"background-color: #00528c;background-position: left top;background-repeat: no-repeat;padding-top:75px;padding-right:0px;padding-bottom:35px;padding-left:0px;margin-bottom: 0px;margin-top: 0px;border-width: 0px 0px 0px 0px;border-color:#eae9e9;border-style:solid;\" ><div class=\"fusion-builder-row fusion-row\"><div class=\"fusion-layout-column fusion_builder_column fusion-builder-column-3 fusion_builder_column_3_4 3_4 fusion-three-fourth fusion-column-first\" style=\"width:74%; margin-right: 4%;margin-top:0px;margin-bottom:20px;\"><div class=\"fusion-column-wrapper fusion-flex-column-wrapper-legacy\" style=\"background-position:left top;background-repeat:no-repeat;-webkit-background-size:cover;-moz-background-size:cover;-o-background-size:cover;background-size:cover;padding: 0px 0px 0px 0px;\"><div class=\"fusion-sep-clear\"><\/div><div class=\"fusion-separator fusion-full-width-sep\" style=\"margin-left: auto;margin-right: auto;margin-top:10px;width:100%;\"><\/div><div class=\"fusion-sep-clear\"><\/div><div class=\"fusion-text fusion-text-4\"><h2 style=\"text-align: left;\"><span style=\"color: #ffffff;\" data-darkreader-inline-color=\"\">DA LI IMATE PITANJE ZA NA\u0160E EKSPERTE?<\/span><\/h2>\n<\/div><div class=\"fusion-clearfix\"><\/div><\/div><\/div><div class=\"fusion-layout-column fusion_builder_column fusion-builder-column-4 fusion_builder_column_1_4 1_4 fusion-one-fourth fusion-column-last\" style=\"width:22%;margin-top:0px;margin-bottom:20px;\"><div class=\"fusion-column-wrapper fusion-flex-column-wrapper-legacy\" style=\"background-position:left top;background-repeat:no-repeat;-webkit-background-size:cover;-moz-background-size:cover;-o-background-size:cover;background-size:cover;padding: 0px 0px 0px 0px;\"><div class=\"fusion-aligncenter\"><style type=\"text\/css\">.fusion-button.button-1 .fusion-button-text, .fusion-button.button-1 i {color:#ffffff;}.fusion-button.button-1 .fusion-button-icon-divider{border-color:#ffffff;}.fusion-button.button-1:hover .fusion-button-text, .fusion-button.button-1:hover i,.fusion-button.button-1:focus .fusion-button-text, .fusion-button.button-1:focus i,.fusion-button.button-1:active .fusion-button-text, .fusion-button.button-1:active{color:#ffffff;}.fusion-button.button-1:hover .fusion-button-icon-divider, .fusion-button.button-1:hover .fusion-button-icon-divider, .fusion-button.button-1:active .fusion-button-icon-divider{border-color:#ffffff;}.fusion-button.button-1:hover, .fusion-button.button-1:focus, .fusion-button.button-1:active{border-color:#ffffff;border-width:0px;}.fusion-button.button-1 {border-color:#ffffff;border-width:0px;border-radius:25px;}.fusion-button.button-1{background: #0278cb;}.fusion-button.button-1:hover,.button-1:focus,.fusion-button.button-1:active{background: #0278cb;}<\/style><a class=\"fusion-button button-flat button-xlarge button-custom button-1 fusion-button-default-span \" target=\"_blank\" rel=\"noopener noreferrer\" href=\"mailto:office@confida.rs\"><span class=\"fusion-button-text\">POSTAVI PITANJE<\/span><\/a><\/div><div class=\"fusion-clearfix\"><\/div><\/div><\/div><\/div><\/div>\n<\/p>\n","protected":false},"excerpt":{"rendered":"","protected":false},"author":1,"featured_media":0,"parent":0,"menu_order":0,"comment_status":"closed","ping_status":"closed","template":"100-width.php","meta":[],"yoast_head":"<!-- This site is optimized with the Yoast SEO plugin v17.8 - https:\/\/yoast.com\/wordpress\/plugins\/seo\/ -->\n<title>Obra\u010dun zarada - Confida<\/title>\n<meta name=\"robots\" content=\"index, follow, max-snippet:-1, max-image-preview:large, max-video-preview:-1\" \/>\n<link rel=\"canonical\" href=\"https:\/\/www.confida.rs\/rs\/payroll-outsourcing\/\" \/>\n<meta property=\"og:locale\" content=\"en_US\" \/>\n<meta property=\"og:type\" content=\"article\" \/>\n<meta property=\"og:title\" content=\"Obra\u010dun zarada - Confida\" \/>\n<meta property=\"og:url\" content=\"https:\/\/www.confida.rs\/rs\/payroll-outsourcing\/\" \/>\n<meta property=\"og:site_name\" content=\"Confida\" \/>\n<meta property=\"article:publisher\" content=\"http:\/\/www.facebook.com\/confida.rs\/\" \/>\n<meta property=\"article:modified_time\" content=\"2022-08-12T10:13:11+00:00\" \/>\n<meta name=\"twitter:card\" content=\"summary_large_image\" \/>\n<meta name=\"twitter:site\" content=\"@Confida_Serbia\" \/>\n<meta name=\"twitter:label1\" content=\"Est. reading time\" \/>\n\t<meta name=\"twitter:data1\" content=\"4 minutes\" \/>\n<script type=\"application\/ld+json\" class=\"yoast-schema-graph\">{\"@context\":\"https:\/\/schema.org\",\"@graph\":[{\"@type\":\"Organization\",\"@id\":\"https:\/\/www.confida.rs\/rs\/#organization\",\"name\":\"Confida - Tax Audit Consulting\",\"url\":\"https:\/\/www.confida.rs\/rs\/\",\"sameAs\":[\"http:\/\/www.facebook.com\/confida.rs\/\",\"http:\/\/www.instagram.com\/confida_srbija\/\",\"https:\/\/www.linkedin.com\/company\/confida-consulting-d.o.o.\",\"https:\/\/www.youtube.com\/channel\/UC5KYlQZksIBOT1bKtW89LIQ\",\"https:\/\/twitter.com\/Confida_Serbia\"],\"logo\":{\"@type\":\"ImageObject\",\"@id\":\"https:\/\/www.confida.rs\/rs\/#logo\",\"inLanguage\":\"en\",\"url\":\"https:\/\/www.confida.rs\/rs\/wp-content\/uploads\/2018\/01\/confida_logo.png\",\"contentUrl\":\"https:\/\/www.confida.rs\/rs\/wp-content\/uploads\/2018\/01\/confida_logo.png\",\"width\":280,\"height\":65,\"caption\":\"Confida - Tax Audit Consulting\"},\"image\":{\"@id\":\"https:\/\/www.confida.rs\/rs\/#logo\"}},{\"@type\":\"WebSite\",\"@id\":\"https:\/\/www.confida.rs\/rs\/#website\",\"url\":\"https:\/\/www.confida.rs\/rs\/\",\"name\":\"Confida\",\"description\":\"Tax Audit Consulting\",\"publisher\":{\"@id\":\"https:\/\/www.confida.rs\/rs\/#organization\"},\"potentialAction\":[{\"@type\":\"SearchAction\",\"target\":{\"@type\":\"EntryPoint\",\"urlTemplate\":\"https:\/\/www.confida.rs\/rs\/?s={search_term_string}\"},\"query-input\":\"required name=search_term_string\"}],\"inLanguage\":\"en\"},{\"@type\":\"WebPage\",\"@id\":\"https:\/\/www.confida.rs\/rs\/payroll-outsourcing\/#webpage\",\"url\":\"https:\/\/www.confida.rs\/rs\/payroll-outsourcing\/\",\"name\":\"Obra\\u010dun zarada - Confida\",\"isPartOf\":{\"@id\":\"https:\/\/www.confida.rs\/rs\/#website\"},\"datePublished\":\"2018-03-23T19:21:06+00:00\",\"dateModified\":\"2022-08-12T10:13:11+00:00\",\"breadcrumb\":{\"@id\":\"https:\/\/www.confida.rs\/rs\/payroll-outsourcing\/#breadcrumb\"},\"inLanguage\":\"en\",\"potentialAction\":[{\"@type\":\"ReadAction\",\"target\":[\"https:\/\/www.confida.rs\/rs\/payroll-outsourcing\/\"]}]},{\"@type\":\"BreadcrumbList\",\"@id\":\"https:\/\/www.confida.rs\/rs\/payroll-outsourcing\/#breadcrumb\",\"itemListElement\":[{\"@type\":\"ListItem\",\"position\":1,\"name\":\"Home\",\"item\":\"https:\/\/www.confida.rs\/rs\/\"},{\"@type\":\"ListItem\",\"position\":2,\"name\":\"Obra\\u010dun zarada\"}]}]}<\/script>\n<!-- \/ Yoast SEO plugin. -->","yoast_head_json":{"title":"Obra\u010dun zarada - Confida","robots":{"index":"index","follow":"follow","max-snippet":"max-snippet:-1","max-image-preview":"max-image-preview:large","max-video-preview":"max-video-preview:-1"},"canonical":"https:\/\/www.confida.rs\/rs\/payroll-outsourcing\/","og_locale":"en_US","og_type":"article","og_title":"Obra\u010dun zarada - Confida","og_url":"https:\/\/www.confida.rs\/rs\/payroll-outsourcing\/","og_site_name":"Confida","article_publisher":"http:\/\/www.facebook.com\/confida.rs\/","article_modified_time":"2022-08-12T10:13:11+00:00","twitter_card":"summary_large_image","twitter_site":"@Confida_Serbia","twitter_misc":{"Est. reading time":"4 minutes"},"schema":{"@context":"https:\/\/schema.org","@graph":[{"@type":"Organization","@id":"https:\/\/www.confida.rs\/rs\/#organization","name":"Confida - Tax Audit Consulting","url":"https:\/\/www.confida.rs\/rs\/","sameAs":["http:\/\/www.facebook.com\/confida.rs\/","http:\/\/www.instagram.com\/confida_srbija\/","https:\/\/www.linkedin.com\/company\/confida-consulting-d.o.o.","https:\/\/www.youtube.com\/channel\/UC5KYlQZksIBOT1bKtW89LIQ","https:\/\/twitter.com\/Confida_Serbia"],"logo":{"@type":"ImageObject","@id":"https:\/\/www.confida.rs\/rs\/#logo","inLanguage":"en","url":"https:\/\/www.confida.rs\/rs\/wp-content\/uploads\/2018\/01\/confida_logo.png","contentUrl":"https:\/\/www.confida.rs\/rs\/wp-content\/uploads\/2018\/01\/confida_logo.png","width":280,"height":65,"caption":"Confida - Tax Audit Consulting"},"image":{"@id":"https:\/\/www.confida.rs\/rs\/#logo"}},{"@type":"WebSite","@id":"https:\/\/www.confida.rs\/rs\/#website","url":"https:\/\/www.confida.rs\/rs\/","name":"Confida","description":"Tax Audit Consulting","publisher":{"@id":"https:\/\/www.confida.rs\/rs\/#organization"},"potentialAction":[{"@type":"SearchAction","target":{"@type":"EntryPoint","urlTemplate":"https:\/\/www.confida.rs\/rs\/?s={search_term_string}"},"query-input":"required name=search_term_string"}],"inLanguage":"en"},{"@type":"WebPage","@id":"https:\/\/www.confida.rs\/rs\/payroll-outsourcing\/#webpage","url":"https:\/\/www.confida.rs\/rs\/payroll-outsourcing\/","name":"Obra\u010dun zarada - Confida","isPartOf":{"@id":"https:\/\/www.confida.rs\/rs\/#website"},"datePublished":"2018-03-23T19:21:06+00:00","dateModified":"2022-08-12T10:13:11+00:00","breadcrumb":{"@id":"https:\/\/www.confida.rs\/rs\/payroll-outsourcing\/#breadcrumb"},"inLanguage":"en","potentialAction":[{"@type":"ReadAction","target":["https:\/\/www.confida.rs\/rs\/payroll-outsourcing\/"]}]},{"@type":"BreadcrumbList","@id":"https:\/\/www.confida.rs\/rs\/payroll-outsourcing\/#breadcrumb","itemListElement":[{"@type":"ListItem","position":1,"name":"Home","item":"https:\/\/www.confida.rs\/rs\/"},{"@type":"ListItem","position":2,"name":"Obra\u010dun zarada"}]}]}},"_links":{"self":[{"href":"https:\/\/www.confida.rs\/rs\/wp-json\/wp\/v2\/pages\/1294"}],"collection":[{"href":"https:\/\/www.confida.rs\/rs\/wp-json\/wp\/v2\/pages"}],"about":[{"href":"https:\/\/www.confida.rs\/rs\/wp-json\/wp\/v2\/types\/page"}],"author":[{"embeddable":true,"href":"https:\/\/www.confida.rs\/rs\/wp-json\/wp\/v2\/users\/1"}],"replies":[{"embeddable":true,"href":"https:\/\/www.confida.rs\/rs\/wp-json\/wp\/v2\/comments?post=1294"}],"version-history":[{"count":16,"href":"https:\/\/www.confida.rs\/rs\/wp-json\/wp\/v2\/pages\/1294\/revisions"}],"predecessor-version":[{"id":2987,"href":"https:\/\/www.confida.rs\/rs\/wp-json\/wp\/v2\/pages\/1294\/revisions\/2987"}],"wp:attachment":[{"href":"https:\/\/www.confida.rs\/rs\/wp-json\/wp\/v2\/media?parent=1294"}],"curies":[{"name":"wp","href":"https:\/\/api.w.org\/{rel}","templated":true}]}}