{"id":1223,"date":"2018-03-20T04:56:30","date_gmt":"2018-03-20T04:56:30","guid":{"rendered":"https:\/\/eastgate.co\/projects\/confida\/?page_id=1223"},"modified":"2022-08-12T10:13:49","modified_gmt":"2022-08-12T10:13:49","slug":"tax-consulting","status":"publish","type":"page","link":"https:\/\/www.confida.rs\/rs\/tax-consulting\/","title":{"rendered":"Poresko savetovanje"},"content":{"rendered":"<p><div class=\"fusion-fullwidth fullwidth-box fusion-builder-row-1 nonhundred-percent-fullwidth non-hundred-percent-height-scrolling\" style=\"background-color: rgba(255,255,255,0);background-position: center center;background-repeat: no-repeat;padding-top:0px;padding-right:0px;padding-bottom:0px;padding-left:0px;margin-bottom: 0px;margin-top: 0px;border-width: 0px 0px 0px 0px;border-color:#eae9e9;border-style:solid;\" ><div class=\"fusion-builder-row fusion-row\"><div class=\"fusion-layout-column fusion_builder_column fusion-builder-column-0 fusion_builder_column_1_2 1_2 fusion-one-half fusion-column-first\" style=\"width:50%;width:calc(50% - ( ( 4% ) * 0.5 ) );margin-right: 4%;margin-top:0px;margin-bottom:20px;\"><div class=\"fusion-column-wrapper fusion-flex-column-wrapper-legacy\" style=\"background-position:left top;background-repeat:no-repeat;-webkit-background-size:cover;-moz-background-size:cover;-o-background-size:cover;background-size:cover;background-color:#ffffff;border-width: 1px 1px 1px 1px;border-color:#efefef;border-style:solid;padding: 10px 20px 20px 20px;\"><div class=\"fusion-text fusion-text-1\"><h3 dir=\"ltr\">Porez<\/h3>\n<p><span style=\"font-weight: 400;\">Buduc\u0301i da finansijsko ra\u010dunovodstvo i izve\u0161tavanje o porezu na dohodak postaje sve slo\u017eenija usluga, poreske slu\u017ebe moraju pratiti najnovije smernice i propise koji se odnose na obra\u010dunavanja poreza na dohodak i adekvatno dokumentovanje. <\/span><\/p>\n<p>Poreske slu\u017ebe istovremeno imaju zadatak da procene svoje poreske i tehnolo\u0161ke sisteme i u\u010diniti ih pouzdanijim i efikasnijim. Confidini poreski profesionalci imaju sjajan uvid u ove slo\u017eenosti i mogu Vam pru\u017eiti prakti\u010dna znanja, tehni\u010dko znanje i standardizovane procese kako bi klijentima pomogli u re\u0161avanju svih svojih poreskih potreba.<\/p>\n<p><span style=\"font-weight: 400;\">Poresko savetovanje nije ograni\u010deno samo na pripremu finansijskih izve\u0161taja o poreskim prihodima, vec\u0301 uklju\u010duje i sve relevantne oblasti fiskalnih i pravnih pitanja vezanih za poslovno savetovanje. Mi aktivno savetujemo da optimizujete svoje poslovanje identifikovanjem klju\u010dnih faktora koji su problemati\u010dni i pronala\u017eenju re\u0161enja za pobolj\u0161anje.<\/span><\/p>\n<p><span style=\"font-weight: 400;\">Zahvaljujuc\u0301i velikoj konfiguraciji mre\u017ee kontakata sa pravnicima, dr\u017eavnim agencijama, bankama i drugim javnim organima nudimo Vam sveobuhvatne i savremene konsultantske usluge.<\/span><\/p>\n<\/div><div class=\"fusion-clearfix\"><\/div><\/div><\/div><div class=\"fusion-layout-column fusion_builder_column fusion-builder-column-1 fusion_builder_column_1_2 1_2 fusion-one-half fusion-column-last\" style=\"width:50%;width:calc(50% - ( ( 4% ) * 0.5 ) );margin-top:0px;margin-bottom:20px;\"><div class=\"fusion-column-wrapper fusion-flex-column-wrapper-legacy\" style=\"background-position:left top;background-repeat:no-repeat;-webkit-background-size:cover;-moz-background-size:cover;-o-background-size:cover;background-size:cover;background-color:#ffffff;border-width: 1px 1px 1px 1px;border-color:#ededed;border-style:solid;padding: 10px 20px 40px 20px;\"><div class=\"fusion-text fusion-text-2\"><h3 dir=\"ltr\">Me\u0111unarodni porez<\/h3>\n<p dir=\"ltr\">Zbog sve globalizovanije ekonomije, internacionalno planiranje postaje klju\u010dno za sve biznise, po\u0161to su oblasti poreskih zakona i nadle\u017enosti u stalnim promenama.<\/p>\n<p>Confida nudi svojim klijentima razli\u010dite strategije i modele za individualnu optimizaciju poreza, uzimajuc\u0301i u obzir ne-poreske pravne norme i nacionalne i me\u0111unarodne moguc\u0301nosti.<\/p>\n<h3 dir=\"ltr\">Poresko savetovanje<\/h3>\n<p><span style=\"font-weight: 400;\">Confida nudi konzistentno poresko re\u0161enje koje se fokusira na pru\u017eanje informacija vlasnicima poslovnja o na\u010dinu na koji upravljaju svojim porezima i na\u010dine na koje podsti\u010du razvoj u svojim poreskim procesima koji su povezani sa njihovim poslovanjem. <\/span><\/p>\n<p>Sa podr\u0161kom Me\u0111unarodne poreskog odeljenja Confide svi rizici koji se odnose na nepo\u0161tovanje propisa mogu se efikasno re\u0161iti.<\/p>\n<\/div><div class=\"fusion-clearfix\"><\/div><\/div><\/div><div class=\"fusion-layout-column fusion_builder_column fusion-builder-column-2 fusion_builder_column_1_1 1_1 fusion-one-full fusion-column-first fusion-column-last\" style=\"margin-top:0px;margin-bottom:20px;\"><div class=\"fusion-column-wrapper fusion-flex-column-wrapper-legacy\" style=\"background-position:left top;background-repeat:no-repeat;-webkit-background-size:cover;-moz-background-size:cover;-o-background-size:cover;background-size:cover;background-color:#ffffff;border-width: 1px 1px 1px 1px;border-color:#ededed;border-style:solid;padding: 10px 20px 20px 20px;\"><div class=\"fusion-text fusion-text-3\"><h3 dir=\"ltr\">Usluga Confida uklju\u010duje:<\/h3>\n<ul>\n<li><span style=\"font-weight: 400;\">Start-up podr\u0161ka &#8211; registracija kompanije<\/span><\/li>\n<li><span style=\"font-weight: 400;\">Poreska usagla\u0161enost i data oragnizacija<\/span><\/li>\n<li><span style=\"font-weight: 400;\"> Poreski savet<\/span><\/li>\n<\/ul>\n<p><span style=\"font-weight: 400;\">Metodologija koju Confida koristi u svojoj poreskoj uskla\u0111enosti nudi preduzec\u0301ima dinami\u010dan na\u010din upravljanja njihovom poreskom uskla\u0111eno\u0161c\u0301u i po\u0161tovanja rokova i istovremeno \u0161tedi vreme preduzec\u0301ima koja imaju velika radna opterec\u0301enja. Dubina regionalnog znanja i iskustva u uskla\u0111ivanju poreza omoguc\u0301ava preduzec\u0301ima fleksibilnost u transparentnom re\u0161avanju lokalnih i regionalnih poreskih pitanja.<\/span><\/p>\n<h3>Poreske usluge:<\/h3>\n<ul>\n<li><span style=\"font-weight: 400;\">Porez na dodatu vrednost (PDV)<\/span><\/li>\n<li><span style=\"font-weight: 400;\">Porez na dobit preduzec\u0301a <\/span><\/li>\n<li><span style=\"font-weight: 400;\"> Regionalni porez<\/span><\/li>\n<li><span style=\"font-weight: 400;\"> Lokalni porez<\/span><\/li>\n<li><span style=\"font-weight: 400;\"> Poresko izve\u0161tavanje<\/span><\/li>\n<li><span style=\"font-weight: 400;\">Porez na imovinu<\/span><\/li>\n<li><span style=\"font-weight: 400;\">Porez po odbitku<\/span><\/li>\n<li><span style=\"font-weight: 400;\"> Neograni\u010deno savetovanje<\/span><\/li>\n<\/ul>\n<\/div><div class=\"fusion-clearfix\"><\/div><\/div><\/div><\/div><\/div><div class=\"fusion-fullwidth fullwidth-box fusion-builder-row-2 nonhundred-percent-fullwidth non-hundred-percent-height-scrolling fusion-equal-height-columns\" style=\"background-color: #00528c;background-position: left top;background-repeat: no-repeat;padding-top:75px;padding-right:0px;padding-bottom:35px;padding-left:0px;margin-bottom: 0px;margin-top: 0px;border-width: 0px 0px 0px 0px;border-color:#eae9e9;border-style:solid;\" ><div class=\"fusion-builder-row fusion-row\"><div class=\"fusion-layout-column fusion_builder_column fusion-builder-column-3 fusion_builder_column_3_4 3_4 fusion-three-fourth fusion-column-first\" style=\"width:74%; margin-right: 4%;margin-top:0px;margin-bottom:20px;\"><div class=\"fusion-column-wrapper fusion-flex-column-wrapper-legacy\" style=\"background-position:left top;background-repeat:no-repeat;-webkit-background-size:cover;-moz-background-size:cover;-o-background-size:cover;background-size:cover;padding: 0px 0px 0px 0px;\"><div class=\"fusion-sep-clear\"><\/div><div class=\"fusion-separator fusion-full-width-sep\" style=\"margin-left: auto;margin-right: auto;margin-top:10px;width:100%;\"><\/div><div class=\"fusion-sep-clear\"><\/div><div class=\"fusion-text fusion-text-4\"><h2 style=\"text-align: left;\"><span style=\"color: #ffffff;\" data-darkreader-inline-color=\"\">DA LI IMATE PITANJE ZA NA\u0160E EKSPERTE?<\/span><\/h2>\n<\/div><div class=\"fusion-clearfix\"><\/div><\/div><\/div><div class=\"fusion-layout-column fusion_builder_column fusion-builder-column-4 fusion_builder_column_1_4 1_4 fusion-one-fourth fusion-column-last\" style=\"width:22%;margin-top:0px;margin-bottom:20px;\"><div class=\"fusion-column-wrapper fusion-flex-column-wrapper-legacy\" style=\"background-position:left top;background-repeat:no-repeat;-webkit-background-size:cover;-moz-background-size:cover;-o-background-size:cover;background-size:cover;padding: 0px 0px 0px 0px;\"><div class=\"fusion-aligncenter\"><style type=\"text\/css\">.fusion-button.button-1 .fusion-button-text, .fusion-button.button-1 i {color:#ffffff;}.fusion-button.button-1 .fusion-button-icon-divider{border-color:#ffffff;}.fusion-button.button-1:hover .fusion-button-text, .fusion-button.button-1:hover i,.fusion-button.button-1:focus .fusion-button-text, .fusion-button.button-1:focus i,.fusion-button.button-1:active .fusion-button-text, .fusion-button.button-1:active{color:#ffffff;}.fusion-button.button-1:hover .fusion-button-icon-divider, .fusion-button.button-1:hover .fusion-button-icon-divider, .fusion-button.button-1:active .fusion-button-icon-divider{border-color:#ffffff;}.fusion-button.button-1:hover, .fusion-button.button-1:focus, .fusion-button.button-1:active{border-color:#ffffff;border-width:0px;}.fusion-button.button-1 {border-color:#ffffff;border-width:0px;border-radius:25px;}.fusion-button.button-1{background: #0278cb;}.fusion-button.button-1:hover,.button-1:focus,.fusion-button.button-1:active{background: #0278cb;}<\/style><a class=\"fusion-button button-flat button-xlarge button-custom button-1 fusion-button-default-span \" target=\"_blank\" rel=\"noopener noreferrer\" href=\"mailto:office@confida.rs\"><span class=\"fusion-button-text\">POSTAVI PITANJE<\/span><\/a><\/div><div class=\"fusion-clearfix\"><\/div><\/div><\/div><\/div><\/div>\n<\/p>\n","protected":false},"excerpt":{"rendered":"","protected":false},"author":1,"featured_media":0,"parent":0,"menu_order":0,"comment_status":"closed","ping_status":"closed","template":"100-width.php","meta":[],"yoast_head":"<!-- This site is optimized with the Yoast SEO plugin v17.8 - https:\/\/yoast.com\/wordpress\/plugins\/seo\/ -->\n<title>Poresko savetovanje - Confida<\/title>\n<meta name=\"robots\" content=\"index, follow, max-snippet:-1, max-image-preview:large, max-video-preview:-1\" \/>\n<link rel=\"canonical\" href=\"https:\/\/www.confida.rs\/rs\/tax-consulting\/\" \/>\n<meta property=\"og:locale\" content=\"en_US\" \/>\n<meta property=\"og:type\" content=\"article\" \/>\n<meta property=\"og:title\" content=\"Poresko savetovanje - Confida\" \/>\n<meta property=\"og:url\" content=\"https:\/\/www.confida.rs\/rs\/tax-consulting\/\" \/>\n<meta property=\"og:site_name\" content=\"Confida\" \/>\n<meta property=\"article:publisher\" content=\"http:\/\/www.facebook.com\/confida.rs\/\" \/>\n<meta property=\"article:modified_time\" content=\"2022-08-12T10:13:49+00:00\" \/>\n<meta name=\"twitter:card\" content=\"summary_large_image\" \/>\n<meta name=\"twitter:site\" content=\"@Confida_Serbia\" \/>\n<meta name=\"twitter:label1\" content=\"Est. reading time\" \/>\n\t<meta name=\"twitter:data1\" content=\"4 minutes\" \/>\n<script type=\"application\/ld+json\" class=\"yoast-schema-graph\">{\"@context\":\"https:\/\/schema.org\",\"@graph\":[{\"@type\":\"Organization\",\"@id\":\"https:\/\/www.confida.rs\/rs\/#organization\",\"name\":\"Confida - Tax Audit Consulting\",\"url\":\"https:\/\/www.confida.rs\/rs\/\",\"sameAs\":[\"http:\/\/www.facebook.com\/confida.rs\/\",\"http:\/\/www.instagram.com\/confida_srbija\/\",\"https:\/\/www.linkedin.com\/company\/confida-consulting-d.o.o.\",\"https:\/\/www.youtube.com\/channel\/UC5KYlQZksIBOT1bKtW89LIQ\",\"https:\/\/twitter.com\/Confida_Serbia\"],\"logo\":{\"@type\":\"ImageObject\",\"@id\":\"https:\/\/www.confida.rs\/rs\/#logo\",\"inLanguage\":\"en\",\"url\":\"https:\/\/www.confida.rs\/rs\/wp-content\/uploads\/2018\/01\/confida_logo.png\",\"contentUrl\":\"https:\/\/www.confida.rs\/rs\/wp-content\/uploads\/2018\/01\/confida_logo.png\",\"width\":280,\"height\":65,\"caption\":\"Confida - Tax Audit Consulting\"},\"image\":{\"@id\":\"https:\/\/www.confida.rs\/rs\/#logo\"}},{\"@type\":\"WebSite\",\"@id\":\"https:\/\/www.confida.rs\/rs\/#website\",\"url\":\"https:\/\/www.confida.rs\/rs\/\",\"name\":\"Confida\",\"description\":\"Tax Audit Consulting\",\"publisher\":{\"@id\":\"https:\/\/www.confida.rs\/rs\/#organization\"},\"potentialAction\":[{\"@type\":\"SearchAction\",\"target\":{\"@type\":\"EntryPoint\",\"urlTemplate\":\"https:\/\/www.confida.rs\/rs\/?s={search_term_string}\"},\"query-input\":\"required name=search_term_string\"}],\"inLanguage\":\"en\"},{\"@type\":\"WebPage\",\"@id\":\"https:\/\/www.confida.rs\/rs\/tax-consulting\/#webpage\",\"url\":\"https:\/\/www.confida.rs\/rs\/tax-consulting\/\",\"name\":\"Poresko savetovanje - Confida\",\"isPartOf\":{\"@id\":\"https:\/\/www.confida.rs\/rs\/#website\"},\"datePublished\":\"2018-03-20T04:56:30+00:00\",\"dateModified\":\"2022-08-12T10:13:49+00:00\",\"breadcrumb\":{\"@id\":\"https:\/\/www.confida.rs\/rs\/tax-consulting\/#breadcrumb\"},\"inLanguage\":\"en\",\"potentialAction\":[{\"@type\":\"ReadAction\",\"target\":[\"https:\/\/www.confida.rs\/rs\/tax-consulting\/\"]}]},{\"@type\":\"BreadcrumbList\",\"@id\":\"https:\/\/www.confida.rs\/rs\/tax-consulting\/#breadcrumb\",\"itemListElement\":[{\"@type\":\"ListItem\",\"position\":1,\"name\":\"Home\",\"item\":\"https:\/\/www.confida.rs\/rs\/\"},{\"@type\":\"ListItem\",\"position\":2,\"name\":\"Poresko savetovanje\"}]}]}<\/script>\n<!-- \/ Yoast SEO plugin. -->","yoast_head_json":{"title":"Poresko savetovanje - Confida","robots":{"index":"index","follow":"follow","max-snippet":"max-snippet:-1","max-image-preview":"max-image-preview:large","max-video-preview":"max-video-preview:-1"},"canonical":"https:\/\/www.confida.rs\/rs\/tax-consulting\/","og_locale":"en_US","og_type":"article","og_title":"Poresko savetovanje - Confida","og_url":"https:\/\/www.confida.rs\/rs\/tax-consulting\/","og_site_name":"Confida","article_publisher":"http:\/\/www.facebook.com\/confida.rs\/","article_modified_time":"2022-08-12T10:13:49+00:00","twitter_card":"summary_large_image","twitter_site":"@Confida_Serbia","twitter_misc":{"Est. reading time":"4 minutes"},"schema":{"@context":"https:\/\/schema.org","@graph":[{"@type":"Organization","@id":"https:\/\/www.confida.rs\/rs\/#organization","name":"Confida - Tax Audit Consulting","url":"https:\/\/www.confida.rs\/rs\/","sameAs":["http:\/\/www.facebook.com\/confida.rs\/","http:\/\/www.instagram.com\/confida_srbija\/","https:\/\/www.linkedin.com\/company\/confida-consulting-d.o.o.","https:\/\/www.youtube.com\/channel\/UC5KYlQZksIBOT1bKtW89LIQ","https:\/\/twitter.com\/Confida_Serbia"],"logo":{"@type":"ImageObject","@id":"https:\/\/www.confida.rs\/rs\/#logo","inLanguage":"en","url":"https:\/\/www.confida.rs\/rs\/wp-content\/uploads\/2018\/01\/confida_logo.png","contentUrl":"https:\/\/www.confida.rs\/rs\/wp-content\/uploads\/2018\/01\/confida_logo.png","width":280,"height":65,"caption":"Confida - Tax Audit Consulting"},"image":{"@id":"https:\/\/www.confida.rs\/rs\/#logo"}},{"@type":"WebSite","@id":"https:\/\/www.confida.rs\/rs\/#website","url":"https:\/\/www.confida.rs\/rs\/","name":"Confida","description":"Tax Audit Consulting","publisher":{"@id":"https:\/\/www.confida.rs\/rs\/#organization"},"potentialAction":[{"@type":"SearchAction","target":{"@type":"EntryPoint","urlTemplate":"https:\/\/www.confida.rs\/rs\/?s={search_term_string}"},"query-input":"required name=search_term_string"}],"inLanguage":"en"},{"@type":"WebPage","@id":"https:\/\/www.confida.rs\/rs\/tax-consulting\/#webpage","url":"https:\/\/www.confida.rs\/rs\/tax-consulting\/","name":"Poresko savetovanje - Confida","isPartOf":{"@id":"https:\/\/www.confida.rs\/rs\/#website"},"datePublished":"2018-03-20T04:56:30+00:00","dateModified":"2022-08-12T10:13:49+00:00","breadcrumb":{"@id":"https:\/\/www.confida.rs\/rs\/tax-consulting\/#breadcrumb"},"inLanguage":"en","potentialAction":[{"@type":"ReadAction","target":["https:\/\/www.confida.rs\/rs\/tax-consulting\/"]}]},{"@type":"BreadcrumbList","@id":"https:\/\/www.confida.rs\/rs\/tax-consulting\/#breadcrumb","itemListElement":[{"@type":"ListItem","position":1,"name":"Home","item":"https:\/\/www.confida.rs\/rs\/"},{"@type":"ListItem","position":2,"name":"Poresko savetovanje"}]}]}},"_links":{"self":[{"href":"https:\/\/www.confida.rs\/rs\/wp-json\/wp\/v2\/pages\/1223"}],"collection":[{"href":"https:\/\/www.confida.rs\/rs\/wp-json\/wp\/v2\/pages"}],"about":[{"href":"https:\/\/www.confida.rs\/rs\/wp-json\/wp\/v2\/types\/page"}],"author":[{"embeddable":true,"href":"https:\/\/www.confida.rs\/rs\/wp-json\/wp\/v2\/users\/1"}],"replies":[{"embeddable":true,"href":"https:\/\/www.confida.rs\/rs\/wp-json\/wp\/v2\/comments?post=1223"}],"version-history":[{"count":25,"href":"https:\/\/www.confida.rs\/rs\/wp-json\/wp\/v2\/pages\/1223\/revisions"}],"predecessor-version":[{"id":2989,"href":"https:\/\/www.confida.rs\/rs\/wp-json\/wp\/v2\/pages\/1223\/revisions\/2989"}],"wp:attachment":[{"href":"https:\/\/www.confida.rs\/rs\/wp-json\/wp\/v2\/media?parent=1223"}],"curies":[{"name":"wp","href":"https:\/\/api.w.org\/{rel}","templated":true}]}}