{"id":10,"date":"2015-02-20T20:12:13","date_gmt":"2015-02-20T20:12:13","guid":{"rendered":"http:\/\/avada.theme-fusion.com_demos\/law\/?page_id=10"},"modified":"2021-02-24T10:01:59","modified_gmt":"2021-02-24T10:01:59","slug":"o-nama","status":"publish","type":"page","link":"https:\/\/www.confida.rs\/rs\/o-nama\/","title":{"rendered":"O Nama"},"content":{"rendered":"<p><div class=\"fusion-fullwidth fullwidth-box fusion-builder-row-1 nonhundred-percent-fullwidth non-hundred-percent-height-scrolling\" style=\"background-color: rgba(255,255,255,0);background-position: left top;background-repeat: no-repeat;padding-top:70px;padding-right:0px;padding-bottom:0px;padding-left:0px;margin-bottom: 0px;margin-top: 0px;border-width: 0px 0px 0px 0px;border-color:#eae9e9;border-style:solid;\" ><div class=\"fusion-builder-row fusion-row\"><div class=\"fusion-layout-column fusion_builder_column fusion-builder-column-0 fusion_builder_column_1_1 1_1 fusion-one-full fusion-column-first fusion-column-last fusion-column-no-min-height\" style=\"margin-top:0px;margin-bottom:0px;\"><div class=\"fusion-column-wrapper fusion-flex-column-wrapper-legacy\" style=\"background-position:left top;background-repeat:no-repeat;-webkit-background-size:cover;-moz-background-size:cover;-o-background-size:cover;background-size:cover;padding: 0px 0px 0px 0px;\"><div class=\"fusion-sep-clear\"><\/div><div class=\"fusion-separator fusion-full-width-sep\" style=\"margin-left: auto;margin-right: auto;margin-top:0px;margin-bottom:0px;width:100%;\"><div class=\"fusion-separator-border sep-single sep-solid\" style=\"border-color:#00528c;border-top-width:5px;\"><\/div><\/div><div class=\"fusion-sep-clear\"><\/div><div class=\"fusion-clearfix\"><\/div><\/div><\/div><div class=\"fusion-layout-column fusion_builder_column fusion-builder-column-1 fusion_builder_column_1_1 1_1 fusion-one-full fusion-column-first fusion-column-last green-border rounded-border\" style=\"margin-top:0px;margin-bottom:20px;\"><div class=\"fusion-column-wrapper fusion-flex-column-wrapper-legacy\" style=\"background-position:left top;background-repeat:no-repeat;-webkit-background-size:cover;-moz-background-size:cover;-o-background-size:cover;background-size:cover;background-color:#ffffff;border:1px solid #e2e2e2;padding: 60px 60px 50px 60px;\"><div class=\"fusion-text fusion-text-1\"><p style=\"text-align: left;\"><img class=\"wp-image-1085 size-full alignnone\" style=\"margin-right: 60px;\" src=\"https:\/\/www.confida.rs\/wp-content\/uploads\/2018\/01\/confida_logo.png\" alt=\"\" width=\"280\" height=\"65\" srcset=\"https:\/\/www.confida.rs\/rs\/wp-content\/uploads\/2018\/01\/confida_logo-200x46.png 200w, https:\/\/www.confida.rs\/rs\/wp-content\/uploads\/2018\/01\/confida_logo.png 280w\" sizes=\"(max-width: 280px) 100vw, 280px\" \/><\/p>\n<p>CONFIDA SEE je me\u0111unarodna savetodavna, konsultantska i revizorska kompanija sa mre\u017eom kancelarija u Srbiji, Hrvatskoj, Sloveniji, Bosni i Hercegovini, Makedoniji, Kosovu, Albaniji i Crnoj Gori.<\/p>\n<p>Stranim investitorirma u Jugoisto\u010dnoj Evropi poma\u017eemo sa svim finansijskim i poreskim pitanjima koja se javljaju tokom njihovih investicionih projekata u regionu i Srbiji.<\/p>\n<p>U sve globalizovanijoj ekonomiji savetujemo klijente iz svih oblasti poslovanja i razvojnih faza. Od kompanija koje tek po\u010dinju da uspostavljaju biznise do onih koji brzo rastu i kojima trebaju sofisticiraniji finansijskih modela, na\u0161 tim stru\u010dnjaka je tu da ponudi optimalne odgovore na sva pitanja.<\/p>\n<p>Na\u0161e veliko me\u0111unarodno iskustvo ogleda se u na\u0161oj fleksibilnosti u prekograni\u010dnoj komunikaciji i saradnji sa svim na\u0161im kancelarijama.<\/p>\n<\/div><div class=\"fusion-sep-clear\"><\/div><div class=\"fusion-separator fusion-full-width-sep\" style=\"margin-left: auto;margin-right: auto;margin-top:15px;margin-bottom:0px;width:100%;\"><\/div><div class=\"fusion-sep-clear\"><\/div><div class=\"fusion-clearfix\"><\/div><\/div><\/div><div class=\"fusion-layout-column fusion_builder_column fusion-builder-column-2 fusion_builder_column_1_2 1_2 fusion-one-half fusion-column-first fusion-column-no-min-height\" style=\"width:48%; margin-right: 4%;margin-top:0px;margin-bottom:0px;\"><div class=\"fusion-column-wrapper fusion-flex-column-wrapper-legacy\" style=\"background-position:left top;background-repeat:no-repeat;-webkit-background-size:cover;-moz-background-size:cover;-o-background-size:cover;background-size:cover;padding: 0px 0px 0px 0px;\"><div class=\"fusion-sep-clear\"><\/div><div class=\"fusion-separator fusion-full-width-sep\" style=\"margin-left: auto;margin-right: auto;margin-top:0px;margin-bottom:0px;width:100%;\"><div class=\"fusion-separator-border sep-single sep-solid\" style=\"border-color:#00528c;border-top-width:5px;\"><\/div><\/div><div class=\"fusion-sep-clear\"><\/div><div class=\"fusion-clearfix\"><\/div><\/div><\/div><div class=\"fusion-layout-column fusion_builder_column fusion-builder-column-3 fusion_builder_column_1_2 1_2 fusion-one-half fusion-column-last fusion-column-no-min-height\" style=\"width:48%;margin-top:0px;margin-bottom:0px;\"><div class=\"fusion-column-wrapper fusion-flex-column-wrapper-legacy\" style=\"background-position:left top;background-repeat:no-repeat;-webkit-background-size:cover;-moz-background-size:cover;-o-background-size:cover;background-size:cover;padding: 0px 0px 0px 0px;\"><div class=\"fusion-sep-clear\"><\/div><div class=\"fusion-separator fusion-full-width-sep\" style=\"margin-left: auto;margin-right: auto;margin-top:0px;margin-bottom:0px;width:100%;\"><div class=\"fusion-separator-border sep-single sep-solid\" style=\"border-color:#00528c;border-top-width:5px;\"><\/div><\/div><div class=\"fusion-sep-clear\"><\/div><div class=\"fusion-clearfix\"><\/div><\/div><\/div><div class=\"fusion-layout-column fusion_builder_column fusion-builder-column-4 fusion_builder_column_1_2 1_2 fusion-one-half fusion-column-first\" style=\"width:48%; margin-right: 4%;margin-top:0px;margin-bottom:40px;\"><div class=\"fusion-column-wrapper fusion-flex-column-wrapper-legacy\" style=\"background-position:left top;background-repeat:no-repeat;-webkit-background-size:cover;-moz-background-size:cover;-o-background-size:cover;background-size:cover;background-color:#ffffff;border:1px solid #e2e2e2;padding: 20px 20px 20px 20px;\"><span class=\" fusion-imageframe imageframe-none imageframe-1 hover-type-zoomin\"><img width=\"200\" height=\"200\" title=\"Christian-Braunig\" src=\"https:\/\/www.confida.rs\/rs\/wp-content\/uploads\/2018\/03\/Christian-Braunig-200x200.jpg\" class=\"img-responsive wp-image-1271\" srcset=\"https:\/\/www.confida.rs\/rs\/wp-content\/uploads\/2018\/03\/Christian-Braunig-200x200.jpg 200w, https:\/\/www.confida.rs\/rs\/wp-content\/uploads\/2018\/03\/Christian-Braunig.jpg 240w\" sizes=\"(max-width: 850px) 100vw, 200px\" \/><\/span><div class=\"fusion-text fusion-text-2\"><h3>CHRISTIAN BRAUNIG<\/h3>\n<\/div><div class=\"fusion-sep-clear\"><\/div><div class=\"fusion-separator fusion-full-width-sep\" style=\"margin-left: auto;margin-right: auto;margin-top:-30px;width:100%;\"><\/div><div class=\"fusion-sep-clear\"><\/div><div class=\"fusion-text fusion-text-3\"><h5><span style=\"color: #005488;\">MANAGING PARTNER<\/span><\/h5>\n<p>Christian ima vi\u0161e od 15 godina iskustva u poreskom savetovanju i reviziji u industriji finansijskih usluga \u0161irom regiona jugoisto\u010dne Evrope. Njegove glavne oblasti ekspertize su klasi\u010dno poresko savetovanje i me\u0111unarodno poresko planiranje i savetovanje.<\/p>\n<p>Te\u017eiste delatnosti projekata koje je Christian vodio bili su u oblastima poreske optimizacije u okviru transakcija spajanja i akvizicije, restrukturiranju i reorganizaciji preduze\u0107a i sporazuma o dvostrukom oporezivanju i transfernih cena.<\/p>\n<p>Od 2008. godine je radi u kancelariji u Srbiji, gde je 2011. godine postao generalni partner. Iste godine imenovan je za direktora kancelarije u Gracu. Godine 2015. postao je generalni partner u hrvatskoj kancelariji.<\/p>\n<p>Christian je magistaristrirao poslovnu administraciju na Karl-Franzens-Univerzitetu u Gracu i \u010dlan je austrijske komore ovla\u0161c\u0301enih ra\u010dunovo\u0111a i revizora.<\/p>\n<\/div><div class=\"fusion-social-links\"><div class=\"fusion-social-networks boxed-icons\"><div class=\"fusion-social-networks-wrapper\"><a class=\"fusion-social-network-icon fusion-tooltip fusion-linkedin fusion-icon-linkedin\" style=\"color:#ffffff;font-size:14px;width: calc(14px + (2 * (7px)) + 2px);background-color:#00528c;border-color:#00528c;border-radius:4px;\" data-placement=\"top\" data-title=\"LinkedIn\" data-toggle=\"tooltip\" title=\"LinkedIn\" aria-label=\"linkedin\" target=\"_blank\" rel=\"noopener noreferrer\" href=\"https:\/\/www.linkedin.com\/in\/braunig\/\"><\/a><a class=\"fusion-social-network-icon fusion-tooltip fusion-mail fusion-icon-mail\" style=\"color:#ffffff;font-size:14px;width: calc(14px + (2 * (7px)) + 2px);background-color:#00528c;border-color:#00528c;border-radius:4px;\" data-placement=\"top\" data-title=\"Email\" data-toggle=\"tooltip\" title=\"Email\" aria-label=\"mail\" target=\"_blank\" rel=\"noopener noreferrer\" href=\"mailto:c.&#098;r&#097;&#117;&#110;&#105;&#103;&#064;co&#110;&#102;&#105;&#100;&#097;.&#114;s\"><\/a><\/div><\/div><\/div><div class=\"fusion-clearfix\"><\/div><\/div><\/div><div class=\"fusion-layout-column fusion_builder_column fusion-builder-column-5 fusion_builder_column_1_2 1_2 fusion-one-half fusion-column-last\" style=\"width:48%;margin-top:0px;margin-bottom:40px;\"><div class=\"fusion-column-wrapper fusion-flex-column-wrapper-legacy\" style=\"background-position:left top;background-repeat:no-repeat;-webkit-background-size:cover;-moz-background-size:cover;-o-background-size:cover;background-size:cover;background-color:#ffffff;border:1px solid #e2e2e2;padding: 20px 20px 20px 20px;\"><span class=\" fusion-imageframe imageframe-none imageframe-2 hover-type-zoomin\"><img width=\"200\" height=\"200\" title=\"Nevenka-Petrovic\" src=\"https:\/\/www.confida.rs\/rs\/wp-content\/uploads\/2018\/03\/Nevenka-Petrovic-200x200.jpg\" class=\"img-responsive wp-image-1275\" srcset=\"https:\/\/www.confida.rs\/rs\/wp-content\/uploads\/2018\/03\/Nevenka-Petrovic-200x200.jpg 200w, https:\/\/www.confida.rs\/rs\/wp-content\/uploads\/2018\/03\/Nevenka-Petrovic.jpg 240w\" sizes=\"(max-width: 850px) 100vw, 200px\" \/><\/span><div class=\"fusion-text fusion-text-4\"><h3>NEVENKA PETROVIC<\/h3>\n<\/div><div class=\"fusion-sep-clear\"><\/div><div class=\"fusion-separator fusion-full-width-sep\" style=\"margin-left: auto;margin-right: auto;margin-top:-30px;width:100%;\"><\/div><div class=\"fusion-sep-clear\"><\/div><div class=\"fusion-text fusion-text-5\"><h5><span style=\"color: #005488;\">DIRECTOR<\/span><\/h5>\n<p>Nevenka magistrirala na Be\u010dkom univerzitetu za ekonomiju i biznis i \u010dlanica je Srpskog udru\u017eenja ra\u010dunovo\u0111a i revizora.<\/p>\n<p>Nevenka ima preko 10 godina profesionalnog iskustva u reviziji i pripremi finansijskih izve\u0161taja koji su u skladu sa nacionalnim i me\u0111unarodnim standardima ra\u010dunovodstva i revizije.<\/p>\n<p>Ima bogato iskustvo u reviziji, anga\u017eovanju u osiguranju i transakcija spajanja i akvizicije. U\u010destvovala je u mnogim transnacionalnim projektima u razli\u010ditim industrijama od naftne i gasne industrije do maloprodaje i farmaceutske indistrije. Pre njenog trenutnog polo\u017eaja, Nevenka je bila senior revizor u kompaniji Deloitte.<\/p>\n<\/div><div class=\"fusion-social-links\"><div class=\"fusion-social-networks boxed-icons\"><div class=\"fusion-social-networks-wrapper\"><a class=\"fusion-social-network-icon fusion-tooltip fusion-linkedin fusion-icon-linkedin\" style=\"color:#ffffff;font-size:14px;width: calc(14px + (2 * (7px)) + 2px);background-color:#00528c;border-color:#00528c;border-radius:4px;\" data-placement=\"top\" data-title=\"LinkedIn\" data-toggle=\"tooltip\" title=\"LinkedIn\" aria-label=\"linkedin\" target=\"_blank\" rel=\"noopener noreferrer\" href=\"https:\/\/www.linkedin.com\/in\/nevenka-petrovic-5b91866\/\"><\/a><a class=\"fusion-social-network-icon fusion-tooltip fusion-mail fusion-icon-mail\" style=\"color:#ffffff;font-size:14px;width: calc(14px + (2 * (7px)) + 2px);background-color:#00528c;border-color:#00528c;border-radius:4px;\" data-placement=\"top\" data-title=\"Email\" data-toggle=\"tooltip\" title=\"Email\" aria-label=\"mail\" target=\"_blank\" rel=\"noopener noreferrer\" href=\"mailto:&#110;.&#112;&#101;t&#114;&#111;vic&#064;&#099;&#111;nfida&#046;&#114;&#115;\"><\/a><\/div><\/div><\/div><div class=\"fusion-clearfix\"><\/div><\/div><\/div><div class=\"fusion-layout-column fusion_builder_column fusion-builder-column-6 fusion_builder_column_1_1 1_1 fusion-one-full fusion-column-first fusion-column-last rounded-border\" style=\"margin-top:0px;margin-bottom:20px;\"><div class=\"fusion-column-wrapper fusion-flex-column-wrapper-legacy\" style=\"background-position:left top;background-repeat:no-repeat;-webkit-background-size:cover;-moz-background-size:cover;-o-background-size:cover;background-size:cover;background-color:#ffffff;border:1px solid #e2e2e2;padding: 40px 60px 40px 60px;\"><div class=\"fusion-text fusion-text-6\"><p style=\"text-align: left;\">Na\u0161a podru\u010dja ekspertize obuhvataju lokalna i me\u0111unarodnaznanja o porezno-pravnim, revizorskim i ra\u010dunovodstvenim propisima i me\u0111unarodnom poslovnom<br \/>\nokru\u017eenju. Kombinujemo me\u0111unarodno iskustvo i lokalno znanje u stvaranju re\u0161enja za sve na\u0161e klijente kako<br \/>\nbismo im pru\u017eali podr\u0161ku koja im je potrebna da ostvare svoje poslovne vizije.<\/p>\n<p style=\"text-align: left;\"><a href=\"\/nase-lokacije\/\">Na\u0161e lokacije\u00a0 \u00a0<i class=\"fa fa-caret-right\"><\/i><\/a><\/p>\n<\/div><div class=\"fusion-text fusion-text-7\"><p>Klju\u010d na\u0161eg uspeha le\u017ei u visokom nivou usluga i izuzetnim tehni\u010dkim ve\u0161tinama i znanju na\u0161eg tima; mi prevazilazimo brojeve i zauimamo ulogu va\u0161eg pouzdanog partnera koji je tu za sve va\u0161e poslovne potrebe u konsaltingu.<\/p>\n<p>Po\u0161to najvi\u0161e cenimo poverenje na\u0161ih klijenata, smatramo da ovo je najva\u017enija osnova za saradnju, a istovremeno i primarni garant na\u0161eg uspeha.<\/p>\n<p>Pozivamo vas da se sretnete sa nama kako bismo zajedni postigli va\u0161e poslovne vizije.<\/p>\n<p style=\"text-align: left;\"><a href=\"\/kontakt\/\">Kontaktirajte Nas\u00a0\u00a0<\/a><\/p>\n<\/div><div class=\"fusion-clearfix\"><\/div><\/div><\/div><\/div><\/div><div class=\"fusion-fullwidth fullwidth-box fusion-builder-row-2 nonhundred-percent-fullwidth non-hundred-percent-height-scrolling fusion-equal-height-columns\" style=\"background-color: rgba(255,255,255,0);background-position: left top;background-repeat: no-repeat;padding-top:20px;padding-right:0px;padding-bottom:90px;padding-left:0px;margin-bottom: 0px;margin-top: 0px;border-width: 0px 0px 0px 0px;border-color:#eae9e9;border-style:solid;\" ><div class=\"fusion-builder-row fusion-row\"><\/div><\/div><\/p>\n","protected":false},"excerpt":{"rendered":"","protected":false},"author":1,"featured_media":0,"parent":0,"menu_order":0,"comment_status":"open","ping_status":"open","template":"100-width.php","meta":[],"yoast_head":"<!-- This site is optimized with the Yoast SEO plugin v17.8 - https:\/\/yoast.com\/wordpress\/plugins\/seo\/ -->\n<title>O Nama - Confida<\/title>\n<meta name=\"robots\" content=\"index, follow, max-snippet:-1, max-image-preview:large, max-video-preview:-1\" \/>\n<link rel=\"canonical\" href=\"https:\/\/www.confida.rs\/rs\/o-nama\/\" \/>\n<meta property=\"og:locale\" content=\"en_US\" \/>\n<meta property=\"og:type\" content=\"article\" \/>\n<meta property=\"og:title\" content=\"O Nama - Confida\" \/>\n<meta property=\"og:url\" content=\"https:\/\/www.confida.rs\/rs\/o-nama\/\" \/>\n<meta property=\"og:site_name\" content=\"Confida\" \/>\n<meta property=\"article:publisher\" content=\"http:\/\/www.facebook.com\/confida.rs\/\" \/>\n<meta property=\"article:modified_time\" content=\"2021-02-24T10:01:59+00:00\" \/>\n<meta property=\"og:image\" content=\"https:\/\/www.confida.rs\/wp-content\/uploads\/2018\/01\/confida_logo.png\" \/>\n<meta name=\"twitter:card\" content=\"summary_large_image\" \/>\n<meta name=\"twitter:site\" content=\"@Confida_Serbia\" \/>\n<meta name=\"twitter:label1\" content=\"Est. reading time\" \/>\n\t<meta name=\"twitter:data1\" content=\"8 minutes\" \/>\n<script type=\"application\/ld+json\" class=\"yoast-schema-graph\">{\"@context\":\"https:\/\/schema.org\",\"@graph\":[{\"@type\":\"Organization\",\"@id\":\"https:\/\/www.confida.rs\/rs\/#organization\",\"name\":\"Confida - Tax Audit Consulting\",\"url\":\"https:\/\/www.confida.rs\/rs\/\",\"sameAs\":[\"http:\/\/www.facebook.com\/confida.rs\/\",\"http:\/\/www.instagram.com\/confida_srbija\/\",\"https:\/\/www.linkedin.com\/company\/confida-consulting-d.o.o.\",\"https:\/\/www.youtube.com\/channel\/UC5KYlQZksIBOT1bKtW89LIQ\",\"https:\/\/twitter.com\/Confida_Serbia\"],\"logo\":{\"@type\":\"ImageObject\",\"@id\":\"https:\/\/www.confida.rs\/rs\/#logo\",\"inLanguage\":\"en\",\"url\":\"https:\/\/www.confida.rs\/rs\/wp-content\/uploads\/2018\/01\/confida_logo.png\",\"contentUrl\":\"https:\/\/www.confida.rs\/rs\/wp-content\/uploads\/2018\/01\/confida_logo.png\",\"width\":280,\"height\":65,\"caption\":\"Confida - Tax Audit Consulting\"},\"image\":{\"@id\":\"https:\/\/www.confida.rs\/rs\/#logo\"}},{\"@type\":\"WebSite\",\"@id\":\"https:\/\/www.confida.rs\/rs\/#website\",\"url\":\"https:\/\/www.confida.rs\/rs\/\",\"name\":\"Confida\",\"description\":\"Tax Audit Consulting\",\"publisher\":{\"@id\":\"https:\/\/www.confida.rs\/rs\/#organization\"},\"potentialAction\":[{\"@type\":\"SearchAction\",\"target\":{\"@type\":\"EntryPoint\",\"urlTemplate\":\"https:\/\/www.confida.rs\/rs\/?s={search_term_string}\"},\"query-input\":\"required name=search_term_string\"}],\"inLanguage\":\"en\"},{\"@type\":\"ImageObject\",\"@id\":\"https:\/\/www.confida.rs\/rs\/o-nama\/#primaryimage\",\"inLanguage\":\"en\",\"url\":\"https:\/\/www.confida.rs\/wp-content\/uploads\/2018\/01\/confida_logo.png\",\"contentUrl\":\"https:\/\/www.confida.rs\/wp-content\/uploads\/2018\/01\/confida_logo.png\"},{\"@type\":\"WebPage\",\"@id\":\"https:\/\/www.confida.rs\/rs\/o-nama\/#webpage\",\"url\":\"https:\/\/www.confida.rs\/rs\/o-nama\/\",\"name\":\"O Nama - Confida\",\"isPartOf\":{\"@id\":\"https:\/\/www.confida.rs\/rs\/#website\"},\"primaryImageOfPage\":{\"@id\":\"https:\/\/www.confida.rs\/rs\/o-nama\/#primaryimage\"},\"datePublished\":\"2015-02-20T20:12:13+00:00\",\"dateModified\":\"2021-02-24T10:01:59+00:00\",\"breadcrumb\":{\"@id\":\"https:\/\/www.confida.rs\/rs\/o-nama\/#breadcrumb\"},\"inLanguage\":\"en\",\"potentialAction\":[{\"@type\":\"ReadAction\",\"target\":[\"https:\/\/www.confida.rs\/rs\/o-nama\/\"]}]},{\"@type\":\"BreadcrumbList\",\"@id\":\"https:\/\/www.confida.rs\/rs\/o-nama\/#breadcrumb\",\"itemListElement\":[{\"@type\":\"ListItem\",\"position\":1,\"name\":\"Home\",\"item\":\"https:\/\/www.confida.rs\/rs\/\"},{\"@type\":\"ListItem\",\"position\":2,\"name\":\"O Nama\"}]}]}<\/script>\n<!-- \/ Yoast SEO plugin. -->","yoast_head_json":{"title":"O Nama - Confida","robots":{"index":"index","follow":"follow","max-snippet":"max-snippet:-1","max-image-preview":"max-image-preview:large","max-video-preview":"max-video-preview:-1"},"canonical":"https:\/\/www.confida.rs\/rs\/o-nama\/","og_locale":"en_US","og_type":"article","og_title":"O Nama - Confida","og_url":"https:\/\/www.confida.rs\/rs\/o-nama\/","og_site_name":"Confida","article_publisher":"http:\/\/www.facebook.com\/confida.rs\/","article_modified_time":"2021-02-24T10:01:59+00:00","og_image":[{"url":"https:\/\/www.confida.rs\/wp-content\/uploads\/2018\/01\/confida_logo.png"}],"twitter_card":"summary_large_image","twitter_site":"@Confida_Serbia","twitter_misc":{"Est. reading time":"8 minutes"},"schema":{"@context":"https:\/\/schema.org","@graph":[{"@type":"Organization","@id":"https:\/\/www.confida.rs\/rs\/#organization","name":"Confida - Tax Audit Consulting","url":"https:\/\/www.confida.rs\/rs\/","sameAs":["http:\/\/www.facebook.com\/confida.rs\/","http:\/\/www.instagram.com\/confida_srbija\/","https:\/\/www.linkedin.com\/company\/confida-consulting-d.o.o.","https:\/\/www.youtube.com\/channel\/UC5KYlQZksIBOT1bKtW89LIQ","https:\/\/twitter.com\/Confida_Serbia"],"logo":{"@type":"ImageObject","@id":"https:\/\/www.confida.rs\/rs\/#logo","inLanguage":"en","url":"https:\/\/www.confida.rs\/rs\/wp-content\/uploads\/2018\/01\/confida_logo.png","contentUrl":"https:\/\/www.confida.rs\/rs\/wp-content\/uploads\/2018\/01\/confida_logo.png","width":280,"height":65,"caption":"Confida - Tax Audit Consulting"},"image":{"@id":"https:\/\/www.confida.rs\/rs\/#logo"}},{"@type":"WebSite","@id":"https:\/\/www.confida.rs\/rs\/#website","url":"https:\/\/www.confida.rs\/rs\/","name":"Confida","description":"Tax Audit Consulting","publisher":{"@id":"https:\/\/www.confida.rs\/rs\/#organization"},"potentialAction":[{"@type":"SearchAction","target":{"@type":"EntryPoint","urlTemplate":"https:\/\/www.confida.rs\/rs\/?s={search_term_string}"},"query-input":"required name=search_term_string"}],"inLanguage":"en"},{"@type":"ImageObject","@id":"https:\/\/www.confida.rs\/rs\/o-nama\/#primaryimage","inLanguage":"en","url":"https:\/\/www.confida.rs\/wp-content\/uploads\/2018\/01\/confida_logo.png","contentUrl":"https:\/\/www.confida.rs\/wp-content\/uploads\/2018\/01\/confida_logo.png"},{"@type":"WebPage","@id":"https:\/\/www.confida.rs\/rs\/o-nama\/#webpage","url":"https:\/\/www.confida.rs\/rs\/o-nama\/","name":"O Nama - Confida","isPartOf":{"@id":"https:\/\/www.confida.rs\/rs\/#website"},"primaryImageOfPage":{"@id":"https:\/\/www.confida.rs\/rs\/o-nama\/#primaryimage"},"datePublished":"2015-02-20T20:12:13+00:00","dateModified":"2021-02-24T10:01:59+00:00","breadcrumb":{"@id":"https:\/\/www.confida.rs\/rs\/o-nama\/#breadcrumb"},"inLanguage":"en","potentialAction":[{"@type":"ReadAction","target":["https:\/\/www.confida.rs\/rs\/o-nama\/"]}]},{"@type":"BreadcrumbList","@id":"https:\/\/www.confida.rs\/rs\/o-nama\/#breadcrumb","itemListElement":[{"@type":"ListItem","position":1,"name":"Home","item":"https:\/\/www.confida.rs\/rs\/"},{"@type":"ListItem","position":2,"name":"O Nama"}]}]}},"_links":{"self":[{"href":"https:\/\/www.confida.rs\/rs\/wp-json\/wp\/v2\/pages\/10"}],"collection":[{"href":"https:\/\/www.confida.rs\/rs\/wp-json\/wp\/v2\/pages"}],"about":[{"href":"https:\/\/www.confida.rs\/rs\/wp-json\/wp\/v2\/types\/page"}],"author":[{"embeddable":true,"href":"https:\/\/www.confida.rs\/rs\/wp-json\/wp\/v2\/users\/1"}],"replies":[{"embeddable":true,"href":"https:\/\/www.confida.rs\/rs\/wp-json\/wp\/v2\/comments?post=10"}],"version-history":[{"count":43,"href":"https:\/\/www.confida.rs\/rs\/wp-json\/wp\/v2\/pages\/10\/revisions"}],"predecessor-version":[{"id":2657,"href":"https:\/\/www.confida.rs\/rs\/wp-json\/wp\/v2\/pages\/10\/revisions\/2657"}],"wp:attachment":[{"href":"https:\/\/www.confida.rs\/rs\/wp-json\/wp\/v2\/media?parent=10"}],"curies":[{"name":"wp","href":"https:\/\/api.w.org\/{rel}","templated":true}]}}