{"id":1288,"date":"2018-03-23T18:13:38","date_gmt":"2018-03-23T18:13:38","guid":{"rendered":"https:\/\/eastgate.co\/projects\/confida\/?page_id=1288"},"modified":"2022-08-12T10:36:32","modified_gmt":"2022-08-12T10:36:32","slug":"unternehmensberatung-und-wirtschaftspruefung","status":"publish","type":"page","link":"https:\/\/www.confida.rs\/de\/unternehmensberatung-und-wirtschaftspruefung\/","title":{"rendered":"Unternehmensberatung und Wirtschaftspr\u00fcfung"},"content":{"rendered":"<p><div class=\"fusion-fullwidth fullwidth-box fusion-builder-row-1 nonhundred-percent-fullwidth non-hundred-percent-height-scrolling\" style=\"background-color: rgba(255,255,255,0);background-position: center center;background-repeat: no-repeat;padding-top:0px;padding-right:0px;padding-bottom:0px;padding-left:0px;margin-bottom: 0px;margin-top: 0px;border-width: 0px 0px 0px 0px;border-color:#eae9e9;border-style:solid;\" ><div class=\"fusion-builder-row fusion-row\"><div class=\"fusion-layout-column fusion_builder_column fusion-builder-column-0 fusion_builder_column_1_2 1_2 fusion-one-half fusion-column-first\" style=\"width:50%;width:calc(50% - ( ( 4% ) * 0.5 ) );margin-right: 4%;margin-top:0px;margin-bottom:20px;\"><div class=\"fusion-column-wrapper fusion-flex-column-wrapper-legacy\" style=\"background-position:left top;background-repeat:no-repeat;-webkit-background-size:cover;-moz-background-size:cover;-o-background-size:cover;background-size:cover;background-color:#ffffff;border-width: 1px 1px 1px 1px;border-color:#efefef;border-style:solid;padding: 10px 20px 20px 20px;\"><div class=\"fusion-text fusion-text-1\"><h3 dir=\"ltr\"><b>Unternehmensberatung\u00a0und Wirtschaftspr\u00fcfung<\/b><\/h3>\n<p><span style=\"font-weight: 400;\">Unternehmen neigen zu st\u00e4ndigem Wandel und jedes Unternehmen steht vor komplizierten Herausforderungen. Die Finanzberatungsabteilung von Confida hilft Ihnen bei der Steuerung und Gestaltung dieser Ver\u00e4nderungen durch eine Vielzahl professioneller strategischer Beratungsleistungen f\u00fcr Ihr Unternehmen.<\/span><\/p>\n<p><span style=\"font-weight: 400;\">Da jedes Unternehmen spezifische Schwachstellen hat, bieten wir Ihnen einen vollst\u00e4ndig individuell angepassten Ansatz, mit dem Sie praktische und effektive L\u00f6sungen finden k\u00f6nnen, die auf das dynamische wirtschaftliche Umfeld zugeschnitten sind. In Krisenzeiten ist eine engagierte und zielgerichtete finanzielle und wirtschaftliche Umstrukturierungsberatung von entscheidender Bedeutung.<\/span><\/p>\n<p><span style=\"font-weight: 400;\">Der beste Beweis f\u00fcr unser Know-how in der Finanzberatung sind die zahlreichen Projekte, die wir f\u00fcr unsere Kunden erfolgreich abgeschlossen haben.<\/span><\/p>\n<p>.<\/p>\n<\/div><div class=\"fusion-clearfix\"><\/div><\/div><\/div><div class=\"fusion-layout-column fusion_builder_column fusion-builder-column-1 fusion_builder_column_1_2 1_2 fusion-one-half fusion-column-last\" style=\"width:50%;width:calc(50% - ( ( 4% ) * 0.5 ) );margin-top:0px;margin-bottom:20px;\"><div class=\"fusion-column-wrapper fusion-flex-column-wrapper-legacy\" style=\"background-position:left top;background-repeat:no-repeat;-webkit-background-size:cover;-moz-background-size:cover;-o-background-size:cover;background-size:cover;background-color:#ffffff;border-width: 1px 1px 1px 1px;border-color:#ededed;border-style:solid;padding: 10px 20px 40px 20px;\"><div class=\"fusion-text fusion-text-2\"><p><span style=\"font-weight: 400;\">Unsere Due Diligence richtet sich auf die wichtigsten <\/span><span style=\"font-weight: 400;\">Bestandteile <\/span><span style=\"font-weight: 400;\">von Transaktionen, darunter:<\/span><\/p>\n<\/div><ul class=\"fusion-checklist fusion-checklist-1\" style=\"font-size:15px;line-height:25.5px;\"><li class=\"fusion-li-item\"><span style=\"height:25.5px;width:25.5px;margin-right:10.5px;\" class=\"icon-wrapper circle-no\"><i class=\"fusion-li-icon fa fa-check\" style=\"color:#0f5388;\" aria-hidden=\"true\"><\/i><\/span><div class=\"fusion-li-item-content\" style=\"margin-left:36px;\">\n<p><span style=\"font-weight: 400;\">Identifikation und Qualifizierung von Branchenrisiken und -chancen<\/span><\/p>\n<\/div><\/li><li class=\"fusion-li-item\"><span style=\"height:25.5px;width:25.5px;margin-right:10.5px;\" class=\"icon-wrapper circle-no\"><i class=\"fusion-li-icon fa fa-check\" style=\"color:#0f5388;\" aria-hidden=\"true\"><\/i><\/span><div class=\"fusion-li-item-content\" style=\"margin-left:36px;\">\n<p><span style=\"font-weight: 400;\">Bewertung vergangener Gewinne und Cashflows und Bewertung der Qualit\u00e4t von Verm\u00f6genswerten<\/span><\/p>\n<\/div><\/li><li class=\"fusion-li-item\"><span style=\"height:25.5px;width:25.5px;margin-right:10.5px;\" class=\"icon-wrapper circle-no\"><i class=\"fusion-li-icon fa fa-check\" style=\"color:#0f5388;\" aria-hidden=\"true\"><\/i><\/span><div class=\"fusion-li-item-content\" style=\"margin-left:36px;\">\n<p><span style=\"font-weight: 400;\"> Identifizierung m\u00f6glicher versteckter Kosten<\/span><\/p>\n<\/div><\/li><li class=\"fusion-li-item\"><span style=\"height:25.5px;width:25.5px;margin-right:10.5px;\" class=\"icon-wrapper circle-no\"><i class=\"fusion-li-icon fa fa-check\" style=\"color:#0f5388;\" aria-hidden=\"true\"><\/i><\/span><div class=\"fusion-li-item-content\" style=\"margin-left:36px;\">\n<p><span style=\"font-weight: 400;\">Identifizierung von Steuer<\/span><span style=\"font-weight: 400;\">risiken<\/span><\/p>\n<\/div><\/li><li class=\"fusion-li-item\"><span style=\"height:25.5px;width:25.5px;margin-right:10.5px;\" class=\"icon-wrapper circle-no\"><i class=\"fusion-li-icon fa fa-check\" style=\"color:#0f5388;\" aria-hidden=\"true\"><\/i><\/span><div class=\"fusion-li-item-content\" style=\"margin-left:36px;\">\n<p><span style=\"font-weight: 400;\">Identifizierung von Verbindlichkeiten<\/span><\/p>\n<\/div><\/li><li class=\"fusion-li-item\"><span style=\"height:25.5px;width:25.5px;margin-right:10.5px;\" class=\"icon-wrapper circle-no\"><i class=\"fusion-li-icon fa fa-check\" style=\"color:#0f5388;\" aria-hidden=\"true\"><\/i><\/span><div class=\"fusion-li-item-content\" style=\"margin-left:36px;\">\n<p><span style=\"font-weight: 400;\">Identifizierung von Problemen, die den Kaufpreis beeinflussen k\u00f6nnen<\/span><\/p>\n<\/div><\/li><\/ul><div class=\"fusion-clearfix\"><\/div><\/div><\/div><div class=\"fusion-layout-column fusion_builder_column fusion-builder-column-2 fusion_builder_column_1_1 1_1 fusion-one-full fusion-column-first fusion-column-last\" style=\"margin-top:0px;margin-bottom:20px;\"><div class=\"fusion-column-wrapper fusion-flex-column-wrapper-legacy\" style=\"background-position:left top;background-repeat:no-repeat;-webkit-background-size:cover;-moz-background-size:cover;-o-background-size:cover;background-size:cover;background-color:#ffffff;border-width: 1px 1px 1px 1px;border-color:#ededed;border-style:solid;padding: 10px 20px 20px 20px;\"><div class=\"fusion-text fusion-text-3\"><h3 dir=\"ltr\">Wirtschaftspr\u00fcfung<\/h3>\n<p>Wirtschaftspr\u00fcfung ist viel mehr als nur Zahlen. Wir betrachten diese Zahlen als eine Geschichte von Erfolgen und Ambitionen, von erfolgreichen Projekten und neuen Pl\u00e4nen an. Mit unserer Beratung unterst\u00fctzen wir Sie bei der Weiterentwicklung Ihres Unternehmens, indem Sie erforderliche \u00c4nderungen an alten Strukturen vornehmen, die Ihrem Unternehmen nicht mehr dienen.<\/p>\n<p>Confida bietet auch Abschlusspr\u00fcfungen und andere pr\u00fcfungsbezogene Dienstleistungen wie Due Diligence an. Abh\u00e4ngig von der Gr\u00f6\u00dfe der Transaktion und den Risiken bestimmen wir den Umfang der Due-Diligence-Pr\u00fcfung.<\/p>\n<\/div><div class=\"fusion-clearfix\"><\/div><\/div><\/div><\/div><\/div><div class=\"fusion-fullwidth fullwidth-box fusion-builder-row-2 nonhundred-percent-fullwidth non-hundred-percent-height-scrolling fusion-equal-height-columns\" style=\"background-color: #00528c;background-position: left top;background-repeat: no-repeat;padding-top:75px;padding-right:0px;padding-bottom:35px;padding-left:0px;margin-bottom: 0px;margin-top: 0px;border-width: 0px 0px 0px 0px;border-color:#eae9e9;border-style:solid;\" ><div class=\"fusion-builder-row fusion-row\"><div class=\"fusion-layout-column fusion_builder_column fusion-builder-column-3 fusion_builder_column_3_4 3_4 fusion-three-fourth fusion-column-first\" style=\"width:74%; margin-right: 4%;margin-top:0px;margin-bottom:20px;\"><div class=\"fusion-column-wrapper fusion-flex-column-wrapper-legacy\" style=\"background-position:left top;background-repeat:no-repeat;-webkit-background-size:cover;-moz-background-size:cover;-o-background-size:cover;background-size:cover;padding: 0px 0px 0px 0px;\"><div class=\"fusion-sep-clear\"><\/div><div class=\"fusion-separator fusion-full-width-sep\" style=\"margin-left: auto;margin-right: auto;margin-top:10px;width:100%;\"><\/div><div class=\"fusion-sep-clear\"><\/div><div class=\"fusion-text fusion-text-4\"><h2 style=\"text-align: left;\"><span style=\"color: #ffffff;\" data-darkreader-inline-color=\"\">HABEN SIE FRAGEN AN UNSERE EXPERTEN?<\/span><\/h2>\n<\/div><div class=\"fusion-clearfix\"><\/div><\/div><\/div><div class=\"fusion-layout-column fusion_builder_column fusion-builder-column-4 fusion_builder_column_1_4 1_4 fusion-one-fourth fusion-column-last\" style=\"width:22%;margin-top:0px;margin-bottom:20px;\"><div class=\"fusion-column-wrapper fusion-flex-column-wrapper-legacy\" style=\"background-position:left top;background-repeat:no-repeat;-webkit-background-size:cover;-moz-background-size:cover;-o-background-size:cover;background-size:cover;padding: 0px 0px 0px 0px;\"><div class=\"fusion-aligncenter\"><style type=\"text\/css\">.fusion-button.button-1 .fusion-button-text, .fusion-button.button-1 i {color:#ffffff;}.fusion-button.button-1 .fusion-button-icon-divider{border-color:#ffffff;}.fusion-button.button-1:hover .fusion-button-text, .fusion-button.button-1:hover i,.fusion-button.button-1:focus .fusion-button-text, .fusion-button.button-1:focus i,.fusion-button.button-1:active .fusion-button-text, .fusion-button.button-1:active{color:#ffffff;}.fusion-button.button-1:hover .fusion-button-icon-divider, .fusion-button.button-1:hover .fusion-button-icon-divider, .fusion-button.button-1:active .fusion-button-icon-divider{border-color:#ffffff;}.fusion-button.button-1:hover, .fusion-button.button-1:focus, .fusion-button.button-1:active{border-color:#ffffff;border-width:0px;}.fusion-button.button-1 {border-color:#ffffff;border-width:0px;border-radius:25px;}.fusion-button.button-1{background: #0278cb;}.fusion-button.button-1:hover,.button-1:focus,.fusion-button.button-1:active{background: #0278cb;}<\/style><a class=\"fusion-button button-flat button-xlarge button-custom button-1 fusion-button-default-span \" target=\"_blank\" rel=\"noopener noreferrer\" href=\"mailto:office@confida.rs\"><span class=\"fusion-button-text\">Fragen Sie unsere Spezialisten<\/span><\/a><\/div><div class=\"fusion-clearfix\"><\/div><\/div><\/div><\/div><\/div>\n<\/p>\n","protected":false},"excerpt":{"rendered":"","protected":false},"author":1,"featured_media":0,"parent":0,"menu_order":0,"comment_status":"closed","ping_status":"closed","template":"100-width.php","meta":[],"_links":{"self":[{"href":"https:\/\/www.confida.rs\/de\/wp-json\/wp\/v2\/pages\/1288"}],"collection":[{"href":"https:\/\/www.confida.rs\/de\/wp-json\/wp\/v2\/pages"}],"about":[{"href":"https:\/\/www.confida.rs\/de\/wp-json\/wp\/v2\/types\/page"}],"author":[{"embeddable":true,"href":"https:\/\/www.confida.rs\/de\/wp-json\/wp\/v2\/users\/1"}],"replies":[{"embeddable":true,"href":"https:\/\/www.confida.rs\/de\/wp-json\/wp\/v2\/comments?post=1288"}],"version-history":[{"count":7,"href":"https:\/\/www.confida.rs\/de\/wp-json\/wp\/v2\/pages\/1288\/revisions"}],"predecessor-version":[{"id":2412,"href":"https:\/\/www.confida.rs\/de\/wp-json\/wp\/v2\/pages\/1288\/revisions\/2412"}],"wp:attachment":[{"href":"https:\/\/www.confida.rs\/de\/wp-json\/wp\/v2\/media?parent=1288"}],"curies":[{"name":"wp","href":"https:\/\/api.w.org\/{rel}","templated":true}]}}